{"id":17,"date":"2016-09-15T20:20:03","date_gmt":"2016-09-15T20:20:03","guid":{"rendered":"https:\/\/traducation.com\/clients\/"},"modified":"2024-08-07T01:01:18","modified_gmt":"2024-08-07T05:01:18","slug":"quote","status":"publish","type":"page","link":"http:\/\/traducation.com\/en\/quote\/","title":{"rendered":"Request Quote"},"content":{"rendered":"<div class=\"boldgrid-section\">\n<div class=\"container-fluid\">\n<div class=\"row\">\n<div class=\"col-md-12 col-margin-bottom col-xs-12 col-sm-12 col-lg-12\">\n<p class=\"mod-img\" style=\"text-align: center;\"><span style=\"font-size: 18px;\">We are aware that your project is critical to you. Simply request a quote by filling the form below to enable us give it the attention it deserves. We relish the opportunity to put our quality service, our attention to detail and our competitive pricing to your advantage.&nbsp;<\/span>&nbsp;<\/p>\n<\/div>\n<\/div>\n<div class=\"row\">\n<div class=\"col-lg-12 col-md-12 col-xs-12 col-sm-12\"><\/div>\n<\/div>\n<div class=\"row\">\n<div class=\"col-lg-12 col-md-12 col-xs-12 col-sm-12\"><\/div>\n<\/div>\n<div class=\"row\">\n<div class=\"col-lg-12 col-md-12 col-xs-12 col-sm-12\">\n<p class=\"mod-reset\"><script type=\"text\/javascript\" src=\"https:\/\/form.jotform.com\/jsform\/62627034423248\"><\/script><\/p>\n<\/div>\n<\/div>\n<\/div>\n<\/div>\n<div class=\"boldgrid-section\">\n<div class=\"container-fluid\">\n<div class=\"row\">\n<div class=\"col-md-12 col-margin-bottom col-xs-12 col-sm-12 col-lg-12\">\n<p class=\"\">Nous sommes conscients que votre projet est essentiel pour vous. Demandez simplement un devis en remplissant le formulaire ci-dessous pour nous permettre de lui accorder l&#8217;attention qu&#8217;il m\u00e9rite. Nous sommes ravis de pouvoir mettre \u00e0 votre avantage notre service de qualit\u00e9, notre souci du d\u00e9tail et nos prix comp\u00e9titifs.&nbsp;&nbsp;<\/p>\n<\/div>\n<div id=\"mf_placeholder\" data-formurl=\"http:\/\/duforms.com\/mf\/kipbyg\/embed.php?id=12194\" data-formheight=\"866\" data-paddingbottom=\"10\"><\/div>\n<\/div>\n<\/div>\n<\/div>\n<div class=\"boldgrid-section\">\n<div class=\"container-fluid\">\n<div class=\"row\">\n<div class=\"col-md-12 col-xs-12 col-sm-12 col-lg-12\">\n<p class=\"\">&nbsp;<\/p>\n<div id=\"mf_placeholder\" data-formurl=\"http:\/\/duforms.com\/mf\/kipbyg\/embed.php?id=12194\" data-formheight=\"866\" data-paddingbottom=\"10\"><\/div>\n<p class=\"\">&nbsp;<\/p>\n<\/div>\n<\/div>\n<\/div>\n<\/div>\n<div class=\"boldgrid-section\">\n<div class=\"container\">\n<div class=\"row\">\n<div class=\"col-lg-12 col-md-12 col-xs-12 col-sm-12\">\n<p class=\"\">[:]<\/p>\n<\/div>\n<\/div>\n<\/div>\n<\/div>\n","protected":false},"excerpt":{"rendered":"<p>We are aware that your project is critical to you. Simply request a quote by filling the form below to enable us give it the attention it deserves. We relish the opportunity to put our quality service, our attention to detail and our competitive pricing to your advantage.&nbsp;&nbsp; Nous sommes conscients que votre projet est [&hellip;]<\/p>\n","protected":false},"author":1,"featured_media":0,"parent":0,"menu_order":0,"comment_status":"closed","ping_status":"closed","template":"","meta":{"bgseo_title":"STF Traducation - Request a quote","bgseo_description":"Request a quote","bgseo_robots_index":"index","bgseo_robots_follow":"follow","footnotes":""},"class_list":["post-17","page","type-page","status-publish"],"_links":{"self":[{"href":"http:\/\/traducation.com\/en\/wp-json\/wp\/v2\/pages\/17","targetHints":{"allow":["GET"]}}],"collection":[{"href":"http:\/\/traducation.com\/en\/wp-json\/wp\/v2\/pages"}],"about":[{"href":"http:\/\/traducation.com\/en\/wp-json\/wp\/v2\/types\/page"}],"author":[{"embeddable":true,"href":"http:\/\/traducation.com\/en\/wp-json\/wp\/v2\/users\/1"}],"replies":[{"embeddable":true,"href":"http:\/\/traducation.com\/en\/wp-json\/wp\/v2\/comments?post=17"}],"version-history":[{"count":45,"href":"http:\/\/traducation.com\/en\/wp-json\/wp\/v2\/pages\/17\/revisions"}],"predecessor-version":[{"id":1195,"href":"http:\/\/traducation.com\/en\/wp-json\/wp\/v2\/pages\/17\/revisions\/1195"}],"wp:attachment":[{"href":"http:\/\/traducation.com\/en\/wp-json\/wp\/v2\/media?parent=17"}],"curies":[{"name":"wp","href":"https:\/\/api.w.org\/{rel}","templated":true}]}}