{"id":12,"date":"2016-09-15T20:20:03","date_gmt":"2016-09-15T20:20:03","guid":{"rendered":"https:\/\/traducation.com\/home\/"},"modified":"2025-06-02T17:17:42","modified_gmt":"2025-06-02T21:17:42","slug":"home","status":"publish","type":"page","link":"http:\/\/traducation.com\/fr\/","title":{"rendered":"Accueil"},"content":{"rendered":"<div class=\"container-fluid background-primary boldgrid-section\">\r\n<div class=\"container\">\r\n<div class=\"row\">\r\n<div class=\"col-md-5 col-xs-12 col-sm-12 col-lg-5\">\r\n<p class=\"\" style=\"font-size: 39px; line-height: 25px; letter-spacing: 0em; text-align: left; margin-left: 0px; margin-right: auto;\"><span lang=\"EN-US\" style=\"margin: 0px; line-height: 115%; font-family: helvetica, arial, sans-serif; font-size: 16px;\"><span style=\"color: #000000;\"><span class=\"\" style=\"font-family: Calibri; color: #003366; font-size: 28px; text-align: justify; line-height: 14px; letter-spacing: 0em;\">Les organisations les plus performantes sont celles qui r\u00e9ussissent \u00e0 communiquer avec clart\u00e9 et pr\u00e9cision afin d\u2019atteindre les r\u00e9sultats escompt\u00e9s. Depuis 1993, nous travaillons avec les gouvernements, les organisations internationales et les soci\u00e9t\u00e9s, afin d\u2019am\u00e9liorer leur image de marque dans toute leur communication.<\/span><br \/>Que vos besoins soient pour la traduction de documents financiers, commerciaux, juridiques, techniques, informatiques ou administratifs, ou que vous ayez besoin de la traduction de catalogues, de manuels, de sites web, de brochures ou de documents officiels, notre \u00e9quipe chevronn\u00e9e compos\u00e9e de gestionnaires de projet, de traducteurs certifi\u00e9s, de r\u00e9viseurs et de sp\u00e9cialistes linguistiques est en stand-by pour vous fournir un service fiable en dix langues.\u00a0<\/span><\/span><\/p>\r\n<p class=\"\" style=\"text-align: left;\"><span style=\"font-family: helvetica, arial, sans-serif; font-size: 16px;\"><span style=\"color: #000000;\">\u00a0<\/span><\/span><\/p>\r\n<\/div>\r\n<div class=\"col-md-7 col-sm-12 col-xs-12 col-lg-7\">\r\n<figure>\r\n<p class=\"mod-reset\"><img loading=\"lazy\" decoding=\"async\" class=\"aligncenter wp-image-297\" src=\"https:\/\/traducation.com\/wp-content\/uploads\/2016\/09\/60_0_300_200_typing-office-768x432.jpg\" width=\"488\" height=\"325\" \/><\/p>\r\n<\/figure>\r\n<\/div>\r\n<\/div>\r\n<\/div>\r\n<\/div>\r\n\r\n\r\n\r\n<div class=\"boldgrid-section\">\r\n<div class=\"container\">\r\n<div class=\"row\">\r\n<div class=\"col-md-12 col-xs-12 col-sm-12 col-lg-12\">\r\n<div class=\"row bg-editor-hr-wrap\">\r\n<div class=\"col-md-12 col-xs-12 col-sm-12 col-lg-12\"><hr \/><\/div>\r\n<\/div>\r\n<\/div>\r\n<\/div>\r\n<\/div>\r\n<\/div>\r\n\r\n\r\n\r\n<div class=\"boldgrid-section\">\r\n<div class=\"container\">\r\n<div class=\"row\">\r\n<div class=\"col-md-4 text-center col-xs-12 col-sm-12 col-lg-4\">\u00a0<\/div>\r\n<div class=\"col-md-4 text-center col-xs-12 col-sm-12 col-lg-4\">\r\n<p class=\"\">\u00a0<\/p>\r\n<\/div>\r\n<\/div>\r\n<\/div>\r\n<\/div>\r\n\r\n\r\n\r\n<div class=\"boldgrid-section\">\r\n<div class=\"container\">\r\n<div class=\"row\">\r\n<div class=\"col-md-4 text-center col-xs-12 col-sm-12 col-lg-4\">\r\n<figure>\r\n<p class=\"mod-reset\"><img loading=\"lazy\" decoding=\"async\" class=\"aligncenter wp-image-202\" src=\"https:\/\/traducation.com\/wp-content\/uploads\/2016\/09\/4-FotoliaComp_56786512_DeZpiCkoxNyzgbTVAf7Md2ZsHYsJ2sg5-300x200-300x200.jpg\" alt=\"\" width=\"267\" height=\"178\" data-imhwpb-built-photo-search=\"53|landscape\" data-id-from-provider=\"49188175\" data-image-provider-id=\"4\" \/><\/p>\r\n<\/figure>\r\n<p class=\"mod-img\">\u00a0<\/p>\r\n<div class=\"row gridblock\">\r\n<div class=\"col-md-12 col-xs-12 col-sm-12 col-lg-12\">\r\n<div>\r\n<div class=\"row bg-editor-hr-wrap\">\r\n<div class=\"col-md-12 col-xs-12 col-sm-12 col-lg-12\">\r\n<div><hr \/><\/div>\r\n<\/div>\r\n<\/div>\r\n<\/div>\r\n<\/div>\r\n<\/div>\r\n<h2 class=\"\"><span style=\"font-size: 24px;\">Services de formation<\/span><\/h2>\r\n<p class=\"\">Nous offrons des services de formation pour le personnel de bureau depuis 1996. Au fil des ans, nous avons form\u00e9 plus de 1500 employ\u00e9s de plus de 300 entreprises au Qu\u00e9bec, en Ontario et au Nouveau-Brunswick\u2026 Plus\u2026 <a href=\"https:\/\/traducation.com\/fr\/training-services\/\">More&#8230;<\/a><\/p>\r\n<\/div>\r\n<div class=\"col-md-4 text-center col-xs-12 col-sm-12 col-lg-4\">\r\n<figure>\r\n<p class=\"mod-reset\"><img loading=\"lazy\" decoding=\"async\" class=\"wp-image-307 aligncenter\" src=\"https:\/\/traducation.com\/wp-content\/uploads\/2016\/09\/industrial-1636403-1-300x201.jpg\" alt=\"industrial-1636403-1\" width=\"268\" height=\"180\" srcset=\"https:\/\/traducation.com\/wp-content\/uploads\/2016\/09\/industrial-1636403-1-300x201.jpg 300w, https:\/\/traducation.com\/wp-content\/uploads\/2016\/09\/industrial-1636403-1-768x514.jpg 768w, https:\/\/traducation.com\/wp-content\/uploads\/2016\/09\/industrial-1636403-1-1024x685.jpg 1024w\" sizes=\"auto, (max-width: 268px) 100vw, 268px\" \/><\/p>\r\n<\/figure>\r\n<p class=\"mod-img\">\u00a0<\/p>\r\n<div class=\"row gridblock\">\r\n<div class=\"col-md-12 col-xs-12 col-sm-12 col-lg-12\">\r\n<div class=\"row bg-editor-hr-wrap\">\r\n<div class=\"col-md-12 col-xs-12 col-sm-12 col-lg-12\"><hr \/><\/div>\r\n<\/div>\r\n<\/div>\r\n<\/div>\r\n<h2 class=\"\"><span style=\"font-size: 24px;\">Services d'interpr\u00e9tation<\/span><\/h2>\r\n<p class=\"\">Que vous recherchiez des interpr\u00e8tes pour des conf\u00e9rences , des r\u00e9unions de conseil d'administration, des auditions ou pour d'autres interactions professionnelles informelles, nous avons les experts qu'il vous faut pour chaque occasion. <a href=\"https:\/\/traducation.com\/fr\/interpretation-services\/\">More&#8230;<\/a><\/p>\r\n<\/div>\r\n<div class=\"col-md-4 text-center col-xs-12 col-sm-12 col-lg-4\">\r\n<figure>\r\n<p class=\"mod-reset\"><img loading=\"lazy\" decoding=\"async\" class=\"aligncenter wp-image-296\" src=\"https:\/\/traducation.com\/wp-content\/uploads\/2016\/09\/0_37_300_200_certified-round.jpg\" width=\"264\" height=\"176\" data-imhwpb-built-photo-search=\"53|landscape\" data-id-from-provider=\"62819214\" data-image-provider-id=\"4\" \/><\/p>\r\n<\/figure>\r\n<p class=\"mod-img\">\u00a0<\/p>\r\n<div class=\"row gridblock\">\r\n<div class=\"col-md-12 col-xs-12 col-sm-12 col-lg-12\">\r\n<div class=\"row bg-editor-hr-wrap\">\r\n<div class=\"col-md-12 col-xs-12 col-sm-12 col-lg-12\"><hr \/><\/div>\r\n<\/div>\r\n<\/div>\r\n<\/div>\r\n<h2 class=\"\"><span style=\"font-size: 24px;\">Traduction de documents officiels<\/span><\/h2>\r\n<p class=\"\">Vous pouvez compter sur nos traducteurs asserment\u00e9s pour vous fournir des traductions certifi\u00e9es en 10 langues : actes de naissance, testaments, jugements, dipl\u00f4mes, relev\u00e9s de notes, etc. <a href=\"https:\/\/traducation.com\/fr\/translation-of-official-documents\/\">More&#8230;<\/a><\/p>\r\n<\/div>\r\n<\/div>\r\n<\/div>\r\n<\/div>\r\n\r\n\r\n\r\n<div class=\"boldgrid-section\">\r\n<div class=\"container\">\r\n<div class=\"row\">\r\n<div class=\"col-md-12 col-xs-12 col-sm-12 col-lg-12\">\r\n<div class=\"row\">\r\n<div class=\"col-md-12 col-xs-12 col-sm-12 col-lg-12\">\u00a0<\/div>\r\n<\/div>\r\n<p class=\"\" style=\"text-align: center;\"><a class=\"btn btn-longshadow btn-small-caps btn-pill btn-color-3\" style=\"font-size: 22px; color: #000000;\" href=\"https:\/\/form.jotform.com\/251016629415251\">S'INSCRIRE \u00c0 UN ATELIER<\/a><\/p>\r\n<\/div>\r\n<\/div>\r\n<\/div>\r\n<\/div>\r\n\r\n\r\n\r\n<div class=\"boldgrid-section\">\r\n<div class=\"container\">\r\n<div class=\"row\">\r\n<div class=\"col-md-12 col-xs-12 col-sm-12 col-lg-12\">\r\n<div class=\"row bg-editor-hr-wrap\">\r\n<div class=\"col-md-12 col-xs-12 col-sm-12 col-lg-12\">\r\n<div><hr \/><\/div>\r\n<\/div>\r\n<\/div>\r\n<\/div>\r\n<\/div>\r\n<\/div>\r\n<\/div>\r\n\r\n\r\n\r\n<div class=\"col-xs-1 col-sm-2 col-md-2 col-lg-2\">\u00a0<\/div>\r\n\r\n\r\n\r\n<div class=\"boldgrid-section\">\r\n<div class=\"container\">\r\n<div class=\"row gridblock\">\r\n<div class=\"col-xs-10 col-sm-8 col-md-8 col-lg-8\">\r\n<h2 class=\"text-center\">Quelques-uns de nos clients<\/h2>\r\n<p class=\"\">\u00a0<\/p>\r\n<\/div>\r\n<div class=\"col-xs-1 col-sm-2 col-md-2 col-lg-2\">\u00a0<\/div>\r\n<\/div>\r\n<\/div>\r\n<\/div>\r\n\r\n\r\n\r\n<div class=\"boldgrid-section\">\r\n<div class=\"container\">\r\n<div class=\"row gridblock\">\r\n<div class=\"col-sm-6 col-md-2 col-xs-12 col-lg-2\">\r\n<figure>\r\n<p class=\"mod-reset\"><a href=\"http:\/\/tarkett.com\"><img loading=\"lazy\" decoding=\"async\" class=\"wp-image-218 size-full alignright\" src=\"https:\/\/traducation.com\/wp-content\/uploads\/2016\/09\/Tarkett-logo.png\" alt=\"tarkett-logo\" width=\"160\" height=\"80\" \/><\/a><\/p>\r\n<\/figure>\r\n<p class=\"mod-reset\">\u00a0<\/p>\r\n<\/div>\r\n<div class=\"col-sm-6 col-md-2 col-xs-12 col-lg-2\">\r\n<figure>\r\n<p class=\"mod-reset\"><a href=\"http:\/\/foodtravelexperts.com\"><img loading=\"lazy\" decoding=\"async\" class=\"aligncenter wp-image-217 size-full\" src=\"https:\/\/traducation.com\/wp-content\/uploads\/2016\/09\/SSPCanada-Logo-with-slogan.png\" alt=\"sspcanada-logo-with-slogan\" width=\"150\" height=\"75\" \/><\/a><\/p>\r\n<\/figure>\r\n<p class=\"mod-reset\">\u00a0<\/p>\r\n<\/div>\r\n<div class=\"col-sm-6 col-md-2 col-xs-12 col-lg-2\">\r\n<figure>\r\n<p class=\"mod-reset\"><a href=\"http:\/\/ca.wackerneuson.com\"><img loading=\"lazy\" decoding=\"async\" class=\"aligncenter wp-image-221 size-full\" src=\"https:\/\/traducation.com\/wp-content\/uploads\/2016\/09\/Wacker-Neuson.png\" alt=\"wacker-neuson\" width=\"225\" height=\"56\" \/><\/a><\/p>\r\n<\/figure>\r\n<p class=\"mod-reset\">\u00a0<\/p>\r\n<\/div>\r\n<div class=\"col-sm-6 col-md-2 col-xs-12 col-lg-2\">\r\n<figure>\r\n<p class=\"mod-reset\"><a href=\"http:\/\/worldvision.ca\"><img loading=\"lazy\" decoding=\"async\" class=\"aligncenter wp-image-223 size-full\" src=\"https:\/\/traducation.com\/wp-content\/uploads\/2016\/09\/worldvision-Int..png\" alt=\"worldvision-int\" width=\"290\" height=\"111\" \/><\/a><\/p>\r\n<\/figure>\r\n<p class=\"mod-reset\">\u00a0<\/p>\r\n<\/div>\r\n<div class=\"col-sm-6 col-md-2 col-xs-12 col-lg-2\">\r\n<figure>\r\n<p class=\"mod-reset\"><a href=\"http:\/\/http:\/\/quickseries.com\/\"><img loading=\"lazy\" decoding=\"async\" class=\"aligncenter wp-image-216 size-full\" src=\"https:\/\/traducation.com\/wp-content\/uploads\/2016\/09\/Quick-Series-logo.png\" alt=\"quick-series-logo\" width=\"108\" height=\"64\" \/><\/a><\/p>\r\n<\/figure>\r\n<p class=\"mod-reset\">\u00a0<\/p>\r\n<\/div>\r\n<div class=\"col-sm-6 col-md-2 col-xs-12 col-lg-2\">\r\n<figure>\r\n<p class=\"mod-reset\"><a href=\"http:\/\/chjm.ca\"><img loading=\"lazy\" decoding=\"async\" class=\"wp-image-215 size-full alignleft\" src=\"https:\/\/traducation.com\/wp-content\/uploads\/2016\/09\/logo-chjMance.png\" alt=\"logo-chjmance\" width=\"170\" height=\"82\" \/><\/a><\/p>\r\n<\/figure>\r\n<p class=\"mod-reset\">\u00a0<\/p>\r\n<\/div>\r\n<\/div>\r\n<\/div>\r\n<\/div>\r\n\r\n\r\n\r\n<div class=\"boldgrid-section\">\r\n<div class=\"container\">\r\n<div class=\"row gridblock\">\r\n<div class=\"col-sm-6 col-md-2 col-xs-12 col-lg-2\">\r\n<figure>\r\n<p class=\"mod-reset\"><img loading=\"lazy\" decoding=\"async\" class=\"wp-image-212 size-full alignright\" src=\"https:\/\/traducation.com\/wp-content\/uploads\/2016\/09\/Davinci-logo.png\" width=\"127\" height=\"75\" \/><\/p>\r\n<\/figure>\r\n<p class=\"mod-reset\">\u00a0<\/p>\r\n<\/div>\r\n<div class=\"col-sm-6 col-md-2 col-xs-12 col-lg-2\">\r\n<figure>\r\n<p class=\"mod-reset\"><a href=\"http:\/\/diaspora2020.com\"><img loading=\"lazy\" decoding=\"async\" class=\"aligncenter wp-image-213 size-full\" src=\"https:\/\/traducation.com\/wp-content\/uploads\/2016\/09\/Diaspora2020.png\" width=\"379\" height=\"80\" srcset=\"https:\/\/traducation.com\/wp-content\/uploads\/2016\/09\/Diaspora2020.png 379w, https:\/\/traducation.com\/wp-content\/uploads\/2016\/09\/Diaspora2020-300x63.png 300w\" sizes=\"auto, (max-width: 379px) 100vw, 379px\" \/><\/a><\/p>\r\n<\/figure>\r\n<p class=\"mod-reset\">\u00a0<\/p>\r\n<\/div>\r\n<div class=\"col-sm-6 col-md-2 col-xs-12 col-lg-2\">\r\n<figure>\r\n<p class=\"mod-reset\"><a href=\"http:\/\/ville.chateauguay.qc.ca\"><img loading=\"lazy\" decoding=\"async\" class=\"aligncenter wp-image-211 size-full\" src=\"https:\/\/traducation.com\/wp-content\/uploads\/2016\/09\/Chateauguay-logo.png\" width=\"283\" height=\"60\" \/><\/a><\/p>\r\n<\/figure>\r\n<p class=\"mod-reset\">\u00a0<\/p>\r\n<\/div>\r\n<div class=\"col-sm-6 col-md-2 col-xs-12 col-lg-2\">\r\n<figure>\r\n<p class=\"mod-reset\"><img loading=\"lazy\" decoding=\"async\" class=\"size-full wp-image-214 aligncenter\" src=\"https:\/\/traducation.com\/wp-content\/uploads\/2016\/09\/IUSM.png\" alt=\"iusm\" width=\"225\" height=\"97\" \/><\/p>\r\n<\/figure>\r\n<p class=\"mod-reset\">\u00a0<\/p>\r\n<\/div>\r\n<\/div>\r\n<\/div>\r\n<\/div>\r\n\r\n\r\n\r\n\r\n\r\n\r\n\r\n\r\n\r\n\r\n\r\n\r\n\r\n\r\n\r\n\r\n\r\n<div class=\"col-xs-1 col-sm-2 col-md-2 col-lg-2\">\u00a0<\/div>","protected":false},"excerpt":{"rendered":"<p>Successful organizations know how to communicate effectively with their various stakeholders. Since 1993, we have been working with governments, international organizations and corporations of all sizes to enhance their corporate image in all their communication.Whether you require the translation of financial, commercial, legal, technical, IT or administrative documents, or the translation of catalogues, manuals, websites, [&hellip;]<\/p>","protected":false},"author":1,"featured_media":0,"parent":0,"menu_order":0,"comment_status":"closed","ping_status":"closed","template":"page_home.php","meta":{"bgseo_title":"STF Traducation - Services de traduction et de formation; translation and training services","bgseo_description":"traduction, traducteur, agences, cabinet, ottiaq, Beauharnois, Chateauguay, Valleyfield, Saint-Constant, LaSalle, Verdun, espagnol","bgseo_robots_index":"index","bgseo_robots_follow":"follow","footnotes":""},"class_list":["post-12","page","type-page","status-publish"],"_links":{"self":[{"href":"http:\/\/traducation.com\/fr\/wp-json\/wp\/v2\/pages\/12","targetHints":{"allow":["GET"]}}],"collection":[{"href":"http:\/\/traducation.com\/fr\/wp-json\/wp\/v2\/pages"}],"about":[{"href":"http:\/\/traducation.com\/fr\/wp-json\/wp\/v2\/types\/page"}],"author":[{"embeddable":true,"href":"http:\/\/traducation.com\/fr\/wp-json\/wp\/v2\/users\/1"}],"replies":[{"embeddable":true,"href":"http:\/\/traducation.com\/fr\/wp-json\/wp\/v2\/comments?post=12"}],"version-history":[{"count":117,"href":"http:\/\/traducation.com\/fr\/wp-json\/wp\/v2\/pages\/12\/revisions"}],"predecessor-version":[{"id":1392,"href":"http:\/\/traducation.com\/fr\/wp-json\/wp\/v2\/pages\/12\/revisions\/1392"}],"wp:attachment":[{"href":"http:\/\/traducation.com\/fr\/wp-json\/wp\/v2\/media?parent=12"}],"curies":[{"name":"wp","href":"https:\/\/api.w.org\/{rel}","templated":true}]}}