{"id":382,"date":"2016-09-16T03:36:46","date_gmt":"2016-09-16T03:36:46","guid":{"rendered":"https:\/\/traducation.com\/?page_id=86"},"modified":"2025-04-23T18:21:02","modified_gmt":"2025-04-23T22:21:02","slug":"other-services","status":"publish","type":"page","link":"http:\/\/traducation.com\/fr\/other-services\/","title":{"rendered":"Autres services"},"content":{"rendered":"<div class=\"boldgrid-section\">\n<div class=\"container\">\n<div class=\"row\">\n<div class=\"col-lg-12 col-md-12 col-xs-12 col-sm-12\">\n<p class=\"\">&nbsp;<\/p>\n<\/div>\n<\/div>\n<\/div>\n<\/div>\n<div class=\"boldgrid-section\">\n<div class=\"container\">\n<div class=\"row\">\n<div class=\"col-md-4 text-center col-xs-12 col-sm-12 col-lg-4\">\n<p class=\"mod-img\"><img loading=\"lazy\" decoding=\"async\" class=\"aligncenter wp-image-251 size-medium\" src=\"https:\/\/traducation.com\/wp-content\/uploads\/2016\/09\/60_0_300_200_cropped-tmp_w2c-imhwpb-tonkyl4rag9uroz-768x432.jpg\" width=\"300\" height=\"200\" data-imhwpb-built-photo-search=\"56|portrait\"><\/p>\n<\/div>\n<div class=\"col-md-8 col-xs-12 col-sm-12 col-lg-8\">\n<h2 class=\"\">Service complet<\/h2>\n<div class=\"row gridblock\">\n<div class=\"col-md-12 col-xs-12 col-sm-12 col-lg-12\">\n<div class=\"row bg-editor-hr-wrap\">\n<div class=\"col-md-12 col-xs-12 col-sm-12 col-lg-12\">\n<hr>\n<\/div>\n<\/div>\n<\/div>\n<\/div>\n<p class=\"\"><span style=\"font-family: helvetica, arial, sans-serif;\">Outre les services de traduction, nous proposons les services linguistiques suivants :<\/span><\/p>\n<p class=\"\"><span style=\"font-family: helvetica, arial, sans-serif;\"><span style=\"font-size: 16px;\"><span style=\"text-decoration: underline;\">R\u00e9vision<\/span>:<\/span> Lorsque vos employ\u00e9s ont produit un document \u00e0 l'interne, vous&nbsp;<\/span><span style=\"font-family: helvetica, arial, sans-serif;\">pouvez le faire r\u00e9vis\u00e9 par l'un de nos experts s'assurer qu'il v\u00e9hicule le&nbsp;<\/span><span style=\"font-family: helvetica, arial, sans-serif;\">message d\u00e9sir\u00e9 de fa\u00e7on claire et succinct et qu'il ne contient pas de gaffes potentiellement&nbsp;<\/span><span style=\"font-family: helvetica, arial, sans-serif;\">embarrassantes susceptibles d'entraver une communication efficace.<\/span><\/p>\n<p class=\"\"><span style=\"font-family: helvetica, arial, sans-serif;\"><span style=\"font-size: 16px;\"><span style=\"text-decoration: underline;\">R\u00e9daction technique<\/span>:<\/span> Si vous avez des id\u00e9es sur un document cl\u00e9 que vous souhaitez produire, vous pouvez compter sur nos experts pour les mettre dans le style appropri\u00e9 afin de rendre le message efficace et professionnel.&nbsp;<\/span><\/p>\n<p><span style=\"text-decoration: underline;\"><span style=\"font-size: 16px;\">Services de traduction<\/span><\/span> Nous proposons quatre ateliers - English Composition, Perfectionnement en fran\u00e7ais, Traduction et Traduction avanc\u00e9e - depuis 1995. Con\u00e7us \u00e0 l'intention du personnel de bureau, ces ateliers sont propos\u00e9s en format public et en entreprise dans un format pratique de deux jours.<\/p>\n<p><span style=\"font-family: helvetica, arial, sans-serif;\">En plus des langues officielles, nous sommes en mesure de g\u00e9rer&nbsp;<\/span><span style=\"font-family: helvetica, arial, sans-serif;\">vos projets de traduction, de r\u00e9vision et de r\u00e9daction en 10 langues<\/span><span style=\"font-family: helvetica, arial, sans-serif;\">&nbsp;.<\/span><\/p>\n<div class=\"row gridblock\">\n<div class=\"col-md-12 col-xs-12 col-sm-12 col-lg-12\">\n<div class=\"row\">\n<div class=\"col-md-12 col-xs-12 col-sm-12 col-lg-12\">\n<div class=\"mod-space\"><\/div>\n<\/div>\n<\/div>\n<\/div>\n<\/div>\n<div class=\"gridblock\">\n<p class=\"p-button-primary\"><a class=\"button-primary button-overrides\" href=\"https:\/\/traducation.com\/fr\/quote\/\"><strong>Demandez un devis&nbsp;<\/strong><\/a><\/p>\n<\/div>\n<\/div>\n<\/div>\n<\/div>\n<\/div>\n<div class=\"boldgrid-section\">\n<div class=\"container\">\n<div class=\"row\">\n<div class=\"col-md-12 col-xs-12 col-sm-12 col-lg-12\"><\/div>\n<\/div>\n<\/div>\n<\/div>\n<div class=\"boldgrid-section\">\n<div class=\"container\">\n<div class=\"row\">\n<div class=\"col-md-12 col-xs-12 col-sm-12 col-lg-12\"><\/div>\n<\/div>\n<\/div>\n<\/div>\n<div class=\"boldgrid-section\">\n<div class=\"container\">\n<div class=\"row\">\n<div class=\"col-md-12 col-xs-12 col-sm-12 col-lg-12\"><\/div>\n<\/div>\n<\/div>\n<\/div>\n<div class=\"boldgrid-section\">\n<div class=\"container\">\n<div class=\"row\">\n<div class=\"col-md-12 text-center col-xs-12 col-sm-12 col-lg-12\">\n<h2 class=\"\">Services de traduction<\/h2>\n<\/div>\n<\/div>\n<\/div>\n<\/div>\n<div class=\"boldgrid-section\">\n<div class=\"container\">\n<div class=\"row gridblock\">\n<div class=\"col-md-12 col-xs-12 col-sm-12 col-lg-12\">\n<div class=\"row bg-editor-hr-wrap\">\n<div class=\"col-md-12 col-xs-12 col-sm-12 col-lg-12\">\n<hr>\n<\/div>\n<\/div>\n<\/div>\n<\/div>\n<\/div>\n<\/div>\n<div class=\"boldgrid-section\">\n<div class=\"container\">\n<div class=\"row\">\n<div class=\"col-md-12 col-xs-12 col-sm-12 col-lg-12\"><\/div>\n<\/div>\n<\/div>\n<\/div>\n<div class=\"boldgrid-section\">\n<div class=\"container\">\n<div class=\"row\">\n<div class=\"col-sm-6 col-xs-12 col-md-6 col-lg-6\">\n<div class=\"row\">\n<div class=\"col-sm-2 col-xs-12 col-md-2 col-lg-2\">\n<div class=\"text-center\"><i class=\"fa fa-2x fa-bookmark-o\"> <\/i><\/div>\n<\/div>\n<div class=\"col-sm-10 col-xs-12 col-md-10 col-lg-10\">\n<div class=\"heading\">\n<p><a href=\"https:\/\/traducation.com\/fr\/translation-services\/\">Traduction en 10 langues<\/a><\/p>\n<\/div>\n<\/div>\n<\/div>\n<\/div>\n<div class=\"col-sm-6 col-xs-12 col-md-6 col-lg-6\">\n<div class=\"row\">\n<div class=\"col-sm-2 col-xs-12 col-md-2 col-lg-2\">\n<div class=\"text-center\"><i class=\"fa fa-2x fa-pencil-square-o\"> <\/i><\/div>\n<\/div>\n<div class=\"col-sm-10 col-xs-12 col-md-10 col-lg-10\">\n<div class=\"heading\">\n<p><a href=\"https:\/\/traducation.com\/fr\/translation-of-official-documents\/\">Traduction de documents officiels<\/a><\/p>\n<\/div>\n<\/div>\n<\/div>\n<\/div>\n<\/div>\n<\/div>\n<\/div>\n<div class=\"boldgrid-section\">\n<div class=\"container\">\n<div class=\"row\">\n<div class=\"col-sm-6 col-xs-12 col-md-6 col-lg-6\">\n<div class=\"row\">\n<div class=\"col-sm-2 col-xs-12 col-md-2 col-lg-2\">\n<div class=\"text-center\"><i class=\"fa fa-2x fa-bar-chart\"> <\/i><\/div>\n<\/div>\n<div class=\"col-sm-10 col-xs-12 col-md-10 col-lg-10\">\n<div class=\"heading\">\n<p><a href=\"https:\/\/traducation.com\/fr\/our-quality-process\/\">Notre processus de qualit\u00e9<\/a><\/p>\n<\/div>\n<\/div>\n<\/div>\n<\/div>\n<div class=\"col-sm-6 col-xs-12 col-md-6 col-lg-6\">\n<div class=\"row\">\n<div class=\"col-sm-2 col-xs-12 col-md-2 col-lg-2\">\n<div class=\"text-center\"><i class=\"fa fa-2x fa-building-o\"> <\/i><\/div>\n<\/div>\n<div class=\"col-sm-10 col-xs-12 col-md-10 col-lg-10\">\n<div class=\"heading\">\n<p>\u00c7a co\u00fbte combien?<\/p>\n<\/div>\n<\/div>\n<\/div>\n<\/div>\n<\/div>\n<\/div>\n<\/div>\n<div class=\"boldgrid-section\">\n<div class=\"container\">\n<div class=\"row\">\n<div class=\"col-sm-6 col-xs-12 col-md-6 col-lg-6\">\n<div class=\"row\">\n<div class=\"col-sm-2 col-xs-12 col-md-2 col-lg-2\">\n<div class=\"text-center\"><i class=\"fa fa-2x fa-cogs\"> <\/i><\/div>\n<\/div>\n<div class=\"col-sm-10 col-xs-12 col-md-10 col-lg-10\">\n<div class=\"heading\">\n<p><a href=\"https:\/\/traducation.com\/fr\/our-priority-program\/\">Notre programme de priorit\u00e9<\/a><\/p>\n<\/div>\n<\/div>\n<\/div>\n<\/div>\n<div class=\"col-sm-6 col-xs-12 col-md-6 col-lg-6\">\n<div class=\"row\">\n<div class=\"col-sm-2 col-xs-12 col-md-2 col-lg-2\">\n<div class=\"text-center\"><i class=\"fa fa-2x fa-newspaper-o\"> <\/i><\/div>\n<\/div>\n<div class=\"col-sm-10 col-xs-12 col-md-10 col-lg-10\">\n<div class=\"heading\">\n<p>Autres services<\/p>\n<\/div>\n<\/div>\n<\/div>\n<\/div>\n<\/div>\n<\/div>\n<\/div>","protected":false},"excerpt":{"rendered":"<p>&nbsp; Comprehensive Service Apart from translation services, we offer the following language services: Revision: When your employees have produced a document in-house, you&nbsp;can have it examined by our language experts to ensure that it conveys the&nbsp;desired message clearly and succinctly and that it contains no potentially&nbsp;embarrassing gaffes that may hinder effective communication. Technical writing: If [&hellip;]<\/p>","protected":false},"author":1,"featured_media":0,"parent":0,"menu_order":0,"comment_status":"closed","ping_status":"closed","template":"","meta":{"bgseo_title":"STF Traducation - Other services","bgseo_description":"Technical writing, proofreading, revision, workshops, training, ottiaq, Chateauguay, Valleyfield, Beauharnois, Saint-Constant, LaSalle, Verdun. ","bgseo_robots_index":"index","bgseo_robots_follow":"follow","footnotes":""},"class_list":["post-382","page","type-page","status-publish"],"_links":{"self":[{"href":"http:\/\/traducation.com\/fr\/wp-json\/wp\/v2\/pages\/382","targetHints":{"allow":["GET"]}}],"collection":[{"href":"http:\/\/traducation.com\/fr\/wp-json\/wp\/v2\/pages"}],"about":[{"href":"http:\/\/traducation.com\/fr\/wp-json\/wp\/v2\/types\/page"}],"author":[{"embeddable":true,"href":"http:\/\/traducation.com\/fr\/wp-json\/wp\/v2\/users\/1"}],"replies":[{"embeddable":true,"href":"http:\/\/traducation.com\/fr\/wp-json\/wp\/v2\/comments?post=382"}],"version-history":[{"count":4,"href":"http:\/\/traducation.com\/fr\/wp-json\/wp\/v2\/pages\/382\/revisions"}],"predecessor-version":[{"id":1167,"href":"http:\/\/traducation.com\/fr\/wp-json\/wp\/v2\/pages\/382\/revisions\/1167"}],"wp:attachment":[{"href":"http:\/\/traducation.com\/fr\/wp-json\/wp\/v2\/media?parent=382"}],"curies":[{"name":"wp","href":"https:\/\/api.w.org\/{rel}","templated":true}]}}