{"id":974,"date":"2024-07-11T00:29:14","date_gmt":"2024-07-11T04:29:14","guid":{"rendered":"https:\/\/traducation.com\/?page_id=974"},"modified":"2025-05-01T15:51:52","modified_gmt":"2025-05-01T19:51:52","slug":"pricing","status":"publish","type":"page","link":"http:\/\/traducation.com\/fr\/pricing\/","title":{"rendered":"Prix"},"content":{"rendered":"<div class=\"boldgrid-section\">\r\n<div class=\"container\">\r\n<div class=\"row\">\r\n<div class=\"col-lg-12 col-md-12 col-xs-12 col-sm-12\">\r\n<h3 class=\"\" style=\"text-align: center;\"><strong>CO\u00dbT DES ATELIERS PUBLICS<\/strong><\/h3>\r\n<\/div>\r\n<\/div>\r\n<\/div>\r\n<\/div>\r\n\r\n\r\n\r\n<figure class=\"wp-block-table\">\r\n<table style=\"width: 366px; margin-left: auto; margin-right: auto; font-size: 13px; height: 383px;\" data-num-cols=\"NaN\">\r\n<tbody>\r\n<tr style=\"height: 149.109px;\">\r\n<td class=\"has-text-align-center\" style=\"width: 10%; height: 146.844px;\" data-align=\"center\"><strong>NOMBRE DE PARTICIPANTS AU M\u00caME ATELIER<\/strong><\/td>\r\n<td class=\"has-text-align-center\" style=\"width: 5%; height: 148.312px;\" data-align=\"center\">\r\n<p><strong class=\"\">EN PR\u00c9SENTIEL<\/strong><\/p>\r\n<p class=\"\">(physically present)&nbsp;<\/p>\r\n<\/td>\r\n<td class=\"has-text-align-center\" style=\"width: 5%; height: 148.859px;\" data-align=\"center\">\r\n<p><strong class=\"\">VIRTUEL<\/strong><\/p>\r\n<p class=\"\">(assister en ligne)<\/p>\r\n<\/td>\r\n<td class=\"\" style=\"width: 10%; height: 149.062px; text-align: center;\">\r\n<p><strong>\u00c0 LA DEMANDE<\/strong><\/p>\r\n<p class=\"\">(suivre la formation \u00e0 votre convenance)<\/p>\r\n<\/td>\r\n<\/tr>\r\n<tr style=\"height: 35.5625px;\">\r\n<td class=\"has-text-align-center\" style=\"width: 10%; height: 35.5625px;\" data-align=\"center\">1<\/td>\r\n<td class=\"has-text-align-center\" style=\"width: 5%; height: 35.5625px;\" data-align=\"center\">$699<\/td>\r\n<td class=\"has-text-align-center\" style=\"width: 5%; height: 35.5625px;\" data-align=\"center\">$599<\/td>\r\n<td class=\"\" style=\"width: 5%; height: 35.5625px; text-align: center;\">$445<\/td>\r\n<\/tr>\r\n<tr style=\"height: 35.5625px;\">\r\n<td class=\"has-text-align-center\" style=\"width: 10%; height: 35.5625px;\" data-align=\"center\">2<\/td>\r\n<td class=\"has-text-align-center\" style=\"width: 5%; height: 35.5625px;\" data-align=\"center\">$1,350<\/td>\r\n<td class=\"has-text-align-center\" style=\"width: 5%; height: 35.5625px;\" data-align=\"center\">$1,150<\/td>\r\n<td class=\"\" style=\"width: 5%; height: 35.5625px; text-align: center;\">$868<\/td>\r\n<\/tr>\r\n<tr style=\"height: 35.5625px;\">\r\n<td class=\"has-text-align-center\" style=\"width: 10%; height: 35.5625px;\" data-align=\"center\">3<\/td>\r\n<td class=\"has-text-align-center\" style=\"width: 5%; height: 35.5625px;\" data-align=\"center\">$1,950<\/td>\r\n<td class=\"has-text-align-center\" style=\"width: 5%; height: 35.5625px;\" data-align=\"center\">$1,650<\/td>\r\n<td class=\"\" style=\"width: 5%; height: 35.5625px; text-align: center;\">$1,272<\/td>\r\n<\/tr>\r\n<tr style=\"height: 35.5625px;\">\r\n<td class=\"has-text-align-center\" style=\"width: 10%; height: 35.5625px;\" data-align=\"center\">4<\/td>\r\n<td class=\"has-text-align-center\" style=\"width: 5%; height: 35.5625px;\" data-align=\"center\">$2,500<\/td>\r\n<td class=\"has-text-align-center\" style=\"width: 5%; height: 35.5625px;\" data-align=\"center\">$2,100<\/td>\r\n<td class=\"\" style=\"width: 5%; height: 35.5625px; text-align: center;\">$1,656<\/td>\r\n<\/tr>\r\n<tr style=\"height: 35.5625px;\">\r\n<td class=\"has-text-align-center\" style=\"width: 10%; height: 35.5625px;\" data-align=\"center\">5<\/td>\r\n<td class=\"has-text-align-center\" style=\"width: 5%; height: 35.5625px;\" data-align=\"center\">$3,000<\/td>\r\n<td class=\"has-text-align-center\" style=\"width: 5%; height: 35.5625px;\" data-align=\"center\">$2,500<\/td>\r\n<td class=\"\" style=\"width: 5%; height: 35.5625px; text-align: center;\">$2,000<\/td>\r\n<\/tr>\r\n<tr style=\"height: 55.0938px;\">\r\n<td class=\"has-text-align-center\" style=\"width: 10%; height: 55.0469px;\" data-align=\"center\">Chaque participant suppl.<\/td>\r\n<td class=\"has-text-align-center\" style=\"width: 5%; height: 55.0938px;\" data-align=\"center\">$600<\/td>\r\n<td class=\"has-text-align-center\" style=\"width: 5%; height: 55.0938px;\" data-align=\"center\">$500<\/td>\r\n<td class=\"\" style=\"width: 5%; height: 55.0938px; text-align: center;\">$400<\/td>\r\n<\/tr>\r\n<\/tbody>\r\n<\/table>\r\n<figcaption class=\"wp-element-caption\"><\/figcaption>\r\n<\/figure>\r\n<div class=\"boldgrid-section\">\r\n<div class=\"container\">\r\n<div class=\"row bg-editor-hr-wrap\">\r\n<div class=\"col-lg-12 col-md-12 col-xs-12 col-sm-12\"><\/div>\r\n<\/div>\r\n<\/div>\r\n<\/div>\r\n\r\n\r\n\r\n<div class=\"boldgrid-section\">\r\n<div class=\"container\">\r\n<div class=\"row\">\r\n<div class=\"col-lg-12 col-md-12 col-xs-12 col-sm-12\">\r\n<h3 class=\"\" style=\"text-align: center;\"><strong>ATELIERS EN ENTREPRISE<\/strong><\/h3>\r\n<\/div>\r\n<\/div>\r\n<\/div>\r\n<\/div>\r\n\r\n\r\n\r\n<figure class=\"wp-block-table\">\r\n<table style=\"width: 875.65px; margin-left: auto; margin-right: auto;\">\r\n<tbody>\r\n<tr style=\"height: 35.5781px;\">\r\n<td class=\"has-text-align-center\" style=\"width: 25%; height: 35.5781px;\" data-align=\"center\"><strong>Nombre de participants<\/strong><\/td>\r\n<td class=\"has-text-align-center\" style=\"width: 35%; height: 35.5781px;\" data-align=\"center\"><strong>CO\u00dcT (en sus)<\/strong><\/td>\r\n<\/tr>\r\n<tr style=\"height: 35.5781px;\">\r\n<td class=\"has-text-align-center\" style=\"width: 20%; height: 35.5781px;\" data-align=\"center\">6 \u00e0 15 participants:<\/td>\r\n<td class=\"has-text-align-center\" style=\"width: 30%; height: 35.5781px;\" data-align=\"center\">$6,000<\/td>\r\n<\/tr>\r\n<tr style=\"height: 35.5781px;\">\r\n<td class=\"has-text-align-center\" style=\"text-align: right; width: 20%; height: 35.5781px;\" data-align=\"center\">Les frais de voyage et d'h\u00e9bergement (pour l'animateur)<\/td>\r\n<td class=\"has-text-align-center\" style=\"text-align: left; width: 30%; height: 35.5781px;\" data-align=\"center\">sont en sus pour les clients situ\u00e9s \u00e0 plus de 150 km de Montr\u00e9al<\/td>\r\n<\/tr>\r\n<\/tbody>\r\n<\/table>\r\n<figcaption class=\"wp-element-caption\"><\/figcaption>\r\n<\/figure>\r\n<div class=\"boldgrid-section\">\r\n<div class=\"container\">\r\n<div class=\"row\">\r\n<div class=\"col-lg-12 col-md-12 col-xs-12 col-sm-12\">\r\n<p class=\"\" style=\"text-align: center;\"><a class=\"btn btn-longshadow btn-small-caps btn-pill btn-color-3\" style=\"font-size: 22px; color: #000000;\" href=\"https:\/\/form.jotform.com\/251016629415251\">S'INSCRIRE \u00c0 UN ATELIER<\/a><\/p>\r\n<\/div>\r\n<\/div>\r\n<\/div>\r\n<\/div>\r\n<div class=\"boldgrid-section\">\r\n<div class=\"container\">\r\n<div class=\"row\">\r\n<div class=\"col-lg-2 col-md-12 col-sm-12 col-xs-12\"><\/div>\r\n<div class=\"col-lg-8 col-md-12 col-xs-12 col-sm-12\">\r\n<div class=\"boldgrid-section\">\r\n<div class=\"container\">\r\n<div class=\"row bg-editor-hr-wrap\">\r\n<div class=\"col-lg-12 col-md-12 col-xs-12 col-sm-12\">\r\n<div>\r\n<div class=\"row bg-editor-hr-wrap\">\r\n<div class=\"col-lg-12 col-md-12 col-xs-12 col-sm-12\">\r\n<div>\r\n<div class=\"boldgrid-section\">\r\n<div class=\"container\">\r\n<div class=\"row\">\r\n<div class=\"col-lg-12 col-md-12 col-xs-12 col-sm-12\">\r\n<div>\r\n<h3 class=\"\" style=\"text-align: center;\"><strong>D\u00e9couvrez tout sur nos ateliers<\/strong><\/h3>\r\n<\/div>\r\n<\/div>\r\n<\/div>\r\n<\/div>\r\n<\/div>\r\n<div class=\"boldgrid-section\">\r\n<div class=\"container\">\r\n<div class=\"row\">\r\n<div class=\"col-lg-12 col-md-12 col-xs-12 col-sm-12\">\r\n<p class=\"\" style=\"text-align: center;\"><a href=\"https:\/\/traducation.com\/fr\/overview-of-our-workshops\/?trp-edit-translation=preview\" target=\"_self\" data-trp-original-href=\"https:\/\/traducation.com\/en\/overview-of-our-workshops\/\">Survol de nos ateliers<\/a><\/p>\r\n<\/div>\r\n<\/div>\r\n<div class=\"row\">\r\n<div class=\"col-lg-12 col-md-12 col-xs-12 col-sm-12\">\r\n<div class=\"boldgrid-section\">\r\n<div class=\"container\">\r\n<div class=\"row\">\r\n<div class=\"col-sm-6 col-xs-12 col-md-6 col-lg-6\">\r\n<div>\r\n<div class=\"row\">\r\n<div class=\"col-sm-2 col-xs-12 col-md-2 col-lg-2\">\r\n<div class=\"text-center\"><i class=\"fa fa-2x fa-bookmark-o\"><\/i><\/div>\r\n<\/div>\r\n<div class=\"col-sm-10 col-xs-12 col-md-10 col-lg-10\">\r\n<div class=\"heading\"><a href=\"https:\/\/traducation.com\/fr\/public-workshops\/?trp-edit-translation=preview\" target=\"_self\" data-trp-original-href=\"https:\/\/traducation.com\/en\/public-workshops\/\">En pr\u00e9sentiel, virtuel ou \u00e0 la demande<\/a><\/div>\r\n<\/div>\r\n<\/div>\r\n<\/div>\r\n<\/div>\r\n<div class=\"col-sm-6 col-xs-12 col-md-6 col-lg-6\">\r\n<div>\r\n<div class=\"row\">\r\n<div class=\"col-sm-2 col-xs-12 col-md-2 col-lg-2\">\r\n<div class=\"text-center\"><i class=\"fa fa-2x fa-pencil-square-o\"><\/i><\/div>\r\n<\/div>\r\n<div class=\"col-sm-10 col-xs-12 col-md-10 col-lg-10\">\r\n<div class=\"heading\"><a href=\"https:\/\/traducation.com\/fr\/english-composition-workshop\/?trp-edit-translation=preview\" target=\"_self\" data-trp-original-href=\"https:\/\/traducation.com\/en\/english-composition-workshop\/\">English Composition Workshop<\/a><\/div>\r\n<\/div>\r\n<\/div>\r\n<\/div>\r\n<\/div>\r\n<\/div>\r\n<\/div>\r\n<\/div>\r\n<div class=\"boldgrid-section\">\r\n<div class=\"container\">\r\n<div class=\"row\">\r\n<div class=\"col-sm-6 col-xs-12 col-md-6 col-lg-6\">\r\n<div>\r\n<div class=\"row\">\r\n<div class=\"col-sm-2 col-xs-12 col-md-2 col-lg-2\">\r\n<div class=\"text-center\"><i class=\"fa fa-2x fa-bar-chart\"><\/i><\/div>\r\n<\/div>\r\n<div class=\"col-sm-10 col-xs-12 col-md-10 col-lg-10\">\r\n<div class=\"heading\"><a href=\"https:\/\/traducation.com\/fr\/in-house-workshops\/?trp-edit-translation=preview\" target=\"_self\" data-trp-original-href=\"https:\/\/traducation.com\/en\/in-house-workshops\/\">Ateliers en entreprise<\/a><\/div>\r\n<\/div>\r\n<\/div>\r\n<\/div>\r\n<\/div>\r\n<div class=\"col-sm-6 col-xs-12 col-md-6 col-lg-6\">\r\n<div>\r\n<div class=\"row\">\r\n<div class=\"col-sm-2 col-xs-12 col-md-2 col-lg-2\">\r\n<div class=\"text-center\"><i class=\"fa fa-2x fa-building-o\"><\/i><\/div>\r\n<\/div>\r\n<div class=\"col-sm-10 col-xs-12 col-md-10 col-lg-10\">\r\n<div class=\"heading\"><a href=\"https:\/\/traducation.com\/fr\/atelier-de-perfectionnement-en-francais\/?trp-edit-translation=preview\" target=\"_self\" data-trp-original-href=\"https:\/\/traducation.com\/en\/atelier-de-perfectionnement-en-francais\/\">Atelier de perfectionnement en fran\u00e7ais<\/a><\/div>\r\n<\/div>\r\n<\/div>\r\n<\/div>\r\n<\/div>\r\n<\/div>\r\n<\/div>\r\n<\/div>\r\n<div class=\"boldgrid-section\">\r\n<div class=\"container\">\r\n<div class=\"row\">\r\n<div class=\"col-sm-6 col-xs-12 col-md-6 col-lg-6\">\r\n<div>\r\n<div class=\"row\">\r\n<div class=\"col-sm-2 col-xs-12 col-md-2 col-lg-2\">\r\n<div class=\"text-center\"><i class=\"fa fa-2x fa-cogs\"><\/i><\/div>\r\n<\/div>\r\n<div class=\"col-sm-10 col-xs-12 col-md-10 col-lg-10\">\r\n<div class=\"heading\"><a href=\"https:\/\/traducation.com\/fr\/translation-workshop\/?trp-edit-translation=preview\" target=\"_self\" data-trp-original-href=\"https:\/\/traducation.com\/en\/translation-workshop\/\">Atelier de traduction<\/a><\/div>\r\n<\/div>\r\n<\/div>\r\n<\/div>\r\n<\/div>\r\n<div class=\"col-sm-6 col-xs-12 col-md-6 col-lg-6\">\r\n<div>\r\n<div class=\"row\">\r\n<div class=\"col-sm-2 col-xs-12 col-md-2 col-lg-2\">\r\n<div class=\"text-center\"><i class=\"fa fa-2x fa-newspaper-o\"><\/i><\/div>\r\n<\/div>\r\n<div class=\"col-sm-10 col-xs-12 col-md-10 col-lg-10\">\r\n<div class=\"heading\"><a href=\"https:\/\/traducation.com\/fr\/advanced-translation-workshop\/?trp-edit-translation=preview\" target=\"_self\" data-trp-original-href=\"https:\/\/traducation.com\/en\/advanced-translation-workshop\/\">Atelier de traduction avanc\u00e9e<\/a><\/div>\r\n<\/div>\r\n<\/div>\r\n<\/div>\r\n<\/div>\r\n<\/div>\r\n<\/div>\r\n<\/div>\r\n<\/div>\r\n<\/div>\r\n<\/div>\r\n<\/div>\r\n<\/div>\r\n<\/div>\r\n<\/div>\r\n<\/div>\r\n<\/div>\r\n<\/div>\r\n<\/div>\r\n<\/div>\r\n<div class=\"boldgrid-section\">\r\n<div class=\"container\">\r\n<div class=\"row\">\r\n<div class=\"col-lg-12 col-md-12 col-xs-12 col-sm-12\">\r\n<div class=\"boldgrid-section\">\r\n<div class=\"container\">\r\n<div class=\"row\">\r\n<div class=\"col-sm-6 col-xs-12 col-md-6 col-lg-6\">\r\n<div>\r\n<div class=\"row\">\r\n<div class=\"col-sm-10 col-xs-12 col-md-10 col-lg-10\"><\/div>\r\n<\/div>\r\n<\/div>\r\n<\/div>\r\n<\/div>\r\n<\/div>\r\n<\/div>\r\n<\/div>\r\n<\/div>\r\n<\/div>\r\n<\/div>\r\n<\/div>\r\n<div class=\"col-lg-2 col-md-12 col-sm-12 col-xs-12\"><\/div>\r\n<\/div>\r\n<\/div>\r\n<\/div>\r\n\r\n\r\n\r\n\r\n\r\n<figure class=\"wp-block-table\">\r\n<figcaption class=\"wp-element-caption\"><\/figcaption>\r\n<\/figure>","protected":false},"excerpt":{"rendered":"<p>COST OF PUBLIC WORKSHOPS: NUMBER OF PARTICIPANTS FOR THE SAME WORKSHOP IN PERSON (physically present)&nbsp; VIRTUAL (attend&nbsp; online) ON DEMAND (attend at your convenience) 1 $699 $599 $445 2 $1,350 $1,150 $868 3 $1,950 $1,650 $1,272 4 $2,500 $2,100 $1,656 5 $3,000 $2,500 $2,000 Every additional participant $600 $500 $400 IN-HOUSE WORKSHOPS: Number of participants [&hellip;]<\/p>","protected":false},"author":1,"featured_media":0,"parent":0,"menu_order":0,"comment_status":"closed","ping_status":"closed","template":"","meta":{"bgseo_title":"","bgseo_description":"","bgseo_robots_index":"index","bgseo_robots_follow":"follow","footnotes":""},"class_list":["post-974","page","type-page","status-publish"],"_links":{"self":[{"href":"http:\/\/traducation.com\/fr\/wp-json\/wp\/v2\/pages\/974","targetHints":{"allow":["GET"]}}],"collection":[{"href":"http:\/\/traducation.com\/fr\/wp-json\/wp\/v2\/pages"}],"about":[{"href":"http:\/\/traducation.com\/fr\/wp-json\/wp\/v2\/types\/page"}],"author":[{"embeddable":true,"href":"http:\/\/traducation.com\/fr\/wp-json\/wp\/v2\/users\/1"}],"replies":[{"embeddable":true,"href":"http:\/\/traducation.com\/fr\/wp-json\/wp\/v2\/comments?post=974"}],"version-history":[{"count":27,"href":"http:\/\/traducation.com\/fr\/wp-json\/wp\/v2\/pages\/974\/revisions"}],"predecessor-version":[{"id":1381,"href":"http:\/\/traducation.com\/fr\/wp-json\/wp\/v2\/pages\/974\/revisions\/1381"}],"wp:attachment":[{"href":"http:\/\/traducation.com\/fr\/wp-json\/wp\/v2\/media?parent=974"}],"curies":[{"name":"wp","href":"https:\/\/api.w.org\/{rel}","templated":true}]}}