{"id":136,"date":"2016-09-16T03:36:46","date_gmt":"2016-09-16T03:36:46","guid":{"rendered":"https:\/\/traducation.com\/?page_id=86"},"modified":"2025-04-23T18:16:51","modified_gmt":"2025-04-23T22:16:51","slug":"interpretation-services","status":"publish","type":"page","link":"https:\/\/traducation.com\/fr\/interpretation-services\/","title":{"rendered":"Services d'interpr\u00e9tation"},"content":{"rendered":"<div class=\"boldgrid-section\">\n<div class=\"container\">\n<div class=\"row\">\n<div class=\"col-lg-12 col-md-12 col-xs-12 col-sm-12\">\n<p class=\"\">&nbsp;<\/p>\n<\/div>\n<\/div>\n<\/div>\n<\/div>\n<div class=\"boldgrid-section\">\n<div class=\"container\">\n<div class=\"row\">\n<div class=\"col-md-4 text-center col-xs-12 col-sm-12 col-lg-4\">\n<p class=\"mod-img\"><img loading=\"lazy\" decoding=\"async\" class=\"alignnone wp-image-307 size-medium\" src=\"https:\/\/traducation.com\/wp-content\/uploads\/2016\/09\/52_0_360_268.043478261_industrial-1636403-1-1024x685.jpg\" width=\"360\" height=\"268\" data-imhwpb-built-photo-search=\"56|portrait\"><\/p>\n<\/div>\n<div class=\"col-md-8 col-xs-12 col-sm-12 col-lg-8\">\n<h2 class=\"\">Bridging the Language Gap<\/h2>\n<div class=\"row gridblock\">\n<div class=\"col-md-12 col-xs-12 col-sm-12 col-lg-12\">\n<div class=\"row bg-editor-hr-wrap\">\n<div class=\"col-md-12 col-xs-12 col-sm-12 col-lg-12\">\n<hr>\n<\/div>\n<\/div>\n<\/div>\n<\/div>\n<p class=\"\"><span style=\"margin: 0px; line-height: 115%; font-family: 'Calibri','sans-serif'; font-size: 11pt;\"><span style=\"color: #000000;\">Que vous recherchiez des interpr\u00e8tes pour des conf\u00e9rences formelles, des r\u00e9unions de conseil d'administration, des auditions ou pour d'autres interactions professionnelles informelles, nous avons les experts qu'il vous faut pour chaque occasion ! Avec une exp\u00e9rience combin\u00e9e de plus de 100 ans, vous pouvez compter sur notre \u00e9quipe d'interpr\u00e8tes chevronn\u00e9s qui ont travaill\u00e9 dans les situations les plus exigeantes : d\u00e9lib\u00e9rations de la Chambre des communes, conf\u00e9rences internationales, proc\u00e8s locaux et internationaux, etc. Cliquez ci-dessous pour demander un devis en fournissant tous les d\u00e9tails de votre \u00e9v\u00e9nement.&nbsp;<\/span><\/span><\/p>\n<div class=\"row gridblock\">\n<div class=\"col-md-12 col-xs-12 col-sm-12 col-lg-12\">\n<div class=\"row\">\n<div class=\"col-md-12 col-xs-12 col-sm-12 col-lg-12\">\n<div class=\"mod-space\"><\/div>\n<\/div>\n<\/div>\n<\/div>\n<\/div>\n<div class=\"gridblock\">\n<p class=\"p-button-primary\"><a class=\"button-primary button-overrides\" href=\"https:\/\/traducation.com\/fr\/quote\/\"><strong>Demandez un devis&nbsp;<\/strong><\/a><\/p>\n<\/div>\n<\/div>\n<\/div>\n<\/div>\n<\/div>\n<div class=\"boldgrid-section\">\n<div class=\"container\">\n<div class=\"row\">\n<div class=\"col-md-12 col-xs-12 col-sm-12 col-lg-12\"><\/div>\n<\/div>\n<\/div>\n<\/div>\n<div class=\"boldgrid-section\">\n<div class=\"container\">\n<div class=\"row\">\n<div class=\"col-md-12 col-xs-12 col-sm-12 col-lg-12\"><\/div>\n<\/div>\n<\/div>\n<\/div>\n<div class=\"boldgrid-section\">\n<div class=\"container\">\n<div class=\"row\">\n<div class=\"col-md-12 col-xs-12 col-sm-12 col-lg-12\"><\/div>\n<\/div>\n<\/div>\n<\/div>\n<div class=\"boldgrid-section\">\n<div class=\"container\">\n<div class=\"row\">\n<div class=\"col-md-12 text-center col-xs-12 col-sm-12 col-lg-12\">\n<h2 class=\"\">Services de traduction<\/h2>\n<\/div>\n<\/div>\n<\/div>\n<\/div>\n<div class=\"boldgrid-section\">\n<div class=\"container\">\n<div class=\"row gridblock\">\n<div class=\"col-md-12 col-xs-12 col-sm-12 col-lg-12\">\n<div class=\"row bg-editor-hr-wrap\">\n<div class=\"col-md-12 col-xs-12 col-sm-12 col-lg-12\">\n<hr>\n<\/div>\n<\/div>\n<\/div>\n<\/div>\n<\/div>\n<\/div>\n<div class=\"boldgrid-section\">\n<div class=\"container\">\n<div class=\"row\">\n<div class=\"col-md-12 col-xs-12 col-sm-12 col-lg-12\"><\/div>\n<\/div>\n<\/div>\n<\/div>\n<div class=\"boldgrid-section\">\n<div class=\"container\">\n<div class=\"row\">\n<div class=\"col-sm-6 col-xs-12 col-md-6 col-lg-6\">\n<div class=\"row\">\n<div class=\"col-sm-2 col-xs-12 col-md-2 col-lg-2\">\n<div class=\"text-center\"><i class=\"fa fa-2x fa-bookmark-o\"> <\/i><\/div>\n<\/div>\n<div class=\"col-sm-10 col-xs-12 col-md-10 col-lg-10\">\n<div class=\"heading\">\n<p><a href=\"https:\/\/traducation.com\/fr\/translation-services\/\">Traduction en 10 langues<\/a><\/p>\n<\/div>\n<\/div>\n<\/div>\n<\/div>\n<div class=\"col-sm-6 col-xs-12 col-md-6 col-lg-6\">\n<div class=\"row\">\n<div class=\"col-sm-2 col-xs-12 col-md-2 col-lg-2\">\n<div class=\"text-center\"><i class=\"fa fa-2x fa-pencil-square-o\"> <\/i><\/div>\n<\/div>\n<div class=\"col-sm-10 col-xs-12 col-md-10 col-lg-10\">\n<div class=\"heading\">\n<p><a href=\"https:\/\/traducation.com\/fr\/translation-of-official-documents\/\">Traduction de documents officiels<\/a><\/p>\n<\/div>\n<\/div>\n<\/div>\n<\/div>\n<\/div>\n<\/div>\n<\/div>\n<div class=\"boldgrid-section\">\n<div class=\"container\">\n<div class=\"row\">\n<div class=\"col-sm-6 col-xs-12 col-md-6 col-lg-6\">\n<div class=\"row\">\n<div class=\"col-sm-2 col-xs-12 col-md-2 col-lg-2\">\n<div class=\"text-center\"><i class=\"fa fa-2x fa-bar-chart\"> <\/i><\/div>\n<\/div>\n<div class=\"col-sm-10 col-xs-12 col-md-10 col-lg-10\">\n<div class=\"heading\">\n<p><a href=\"https:\/\/traducation.com\/fr\/our-quality-process\/\">Notre processus de qualit\u00e9<\/a><\/p>\n<\/div>\n<\/div>\n<\/div>\n<\/div>\n<div class=\"col-sm-6 col-xs-12 col-md-6 col-lg-6\">\n<div class=\"row\">\n<div class=\"col-sm-2 col-xs-12 col-md-2 col-lg-2\">\n<div class=\"text-center\"><i class=\"fa fa-2x fa-building-o\"> <\/i><\/div>\n<\/div>\n<div class=\"col-sm-10 col-xs-12 col-md-10 col-lg-10\">\n<div class=\"heading\">\n<p>&nbsp; \u00c7a co\u00fbte combien?&nbsp;<\/p>\n<\/div>\n<\/div>\n<\/div>\n<\/div>\n<\/div>\n<\/div>\n<\/div>\n<div class=\"boldgrid-section\">\n<div class=\"container\">\n<div class=\"row\">\n<div class=\"col-sm-6 col-xs-12 col-md-6 col-lg-6\">\n<div class=\"row\">\n<div class=\"col-sm-2 col-xs-12 col-md-2 col-lg-2\">\n<div class=\"text-center\"><i class=\"fa fa-2x fa-cogs\"> <\/i><\/div>\n<\/div>\n<div class=\"col-sm-10 col-xs-12 col-md-10 col-lg-10\">\n<div class=\"heading\">\n<p><a href=\"https:\/\/traducation.com\/fr\/our-priority-program\/\">Notre programme de priorit\u00e9<\/a><\/p>\n<\/div>\n<\/div>\n<\/div>\n<\/div>\n<div class=\"col-sm-6 col-xs-12 col-md-6 col-lg-6\">\n<div class=\"row\">\n<div class=\"col-sm-2 col-xs-12 col-md-2 col-lg-2\">\n<div class=\"text-center\"><i class=\"fa fa-2x fa-newspaper-o\"> <\/i><\/div>\n<\/div>\n<div class=\"col-sm-10 col-xs-12 col-md-10 col-lg-10\">\n<div class=\"heading\">\n<p><a href=\"https:\/\/traducation.com\/fr\/other-services\/\">Autres services<\/a>B<\/p>\n<\/div>\n<\/div>\n<\/div>\n<\/div>\n<\/div>\n<\/div>\n<\/div>","protected":false},"excerpt":{"rendered":"<p>&nbsp; Bridging the Language Gap Whether you are looking for interpreters for formal conferences, board meetings, hearings,&nbsp;or for other informal business interactions, we have the right experts for every occasion! With a combined experience of over 100 years, you can count on our seasoned team of interpreters who have worked&nbsp;in the most demanding situations: House [&hellip;]<\/p>","protected":false},"author":1,"featured_media":0,"parent":0,"menu_order":0,"comment_status":"closed","ping_status":"closed","template":"","meta":{"bgseo_title":"STF Traducation -  Interpretation services. Simultaneous, consecutive","bgseo_description":"professional, quebec, montreal, jobs, interpreter, interpretation, ottiaq, Chateauguay, Salaberry-de-Valleyfield, Saint-Constant, LaSalle, Verdun. \r\n","bgseo_robots_index":"index","bgseo_robots_follow":"follow","footnotes":""},"class_list":["post-136","page","type-page","status-publish"],"_links":{"self":[{"href":"https:\/\/traducation.com\/fr\/wp-json\/wp\/v2\/pages\/136","targetHints":{"allow":["GET"]}}],"collection":[{"href":"https:\/\/traducation.com\/fr\/wp-json\/wp\/v2\/pages"}],"about":[{"href":"https:\/\/traducation.com\/fr\/wp-json\/wp\/v2\/types\/page"}],"author":[{"embeddable":true,"href":"https:\/\/traducation.com\/fr\/wp-json\/wp\/v2\/users\/1"}],"replies":[{"embeddable":true,"href":"https:\/\/traducation.com\/fr\/wp-json\/wp\/v2\/comments?post=136"}],"version-history":[{"count":17,"href":"https:\/\/traducation.com\/fr\/wp-json\/wp\/v2\/pages\/136\/revisions"}],"predecessor-version":[{"id":1361,"href":"https:\/\/traducation.com\/fr\/wp-json\/wp\/v2\/pages\/136\/revisions\/1361"}],"wp:attachment":[{"href":"https:\/\/traducation.com\/fr\/wp-json\/wp\/v2\/media?parent=136"}],"curies":[{"name":"wp","href":"https:\/\/api.w.org\/{rel}","templated":true}]}}