{"id":15,"date":"2016-09-15T20:20:03","date_gmt":"2016-09-15T20:20:03","guid":{"rendered":"https:\/\/traducation.com\/about-us\/"},"modified":"2025-04-23T17:42:55","modified_gmt":"2025-04-23T21:42:55","slug":"about-us","status":"publish","type":"page","link":"https:\/\/traducation.com\/fr\/about-us\/","title":{"rendered":"\u00c0 propos de nous"},"content":{"rendered":"<div class=\"boldgrid-section\">\n<div class=\"container\">\n<div class=\"row\">\n<div class=\"col-lg-12 col-md-12 col-xs-12 col-sm-12\"><\/div>\n<\/div>\n<\/div>\n<\/div>\n<div class=\"boldgrid-section\">\n<div class=\"container\">\n<div class=\"row\">\n<div class=\"col-md-6 col-margin-bottom col-xs-12 col-sm-12 col-lg-6\">\n<p class=\"\">Fond\u00e9e en 1993, STF Traducation est un cabinet de traduction offrant des services complets de traduction, d\u2019interpr\u00e9tation et de formation. La m\u00eame ann\u00e9e, nous sommes devenus fournisseur de services de traduction pour le gouvernement du Canada.<\/p>\n<p class=\"\">Outre les services de traduction en 10 langues, nous proposons \u00e9galement des services de formation pour le personnel de bureau. Ces deux services sont \u00e0 l\u2019origine de notre nom. STF signifie \u201cservice de traduction et de formation\u201d, tandis que \u201ctraducation\u201d est un mot-valise form\u00e9 \u00e0 partir des mots \u201ctraduction\u201d et \u201c\u00e9ducation\u201d.<\/p>\n<p class=\"\">Nos ateliers uniques de deux jours sont propos\u00e9s dans quatre domaines : Traduction, Traduction avanc\u00e9e, R\u00e9daction anglaise et R\u00e9daction fran\u00e7aise. Au fil des ans, nous avons form\u00e9 plus de 1500 employ\u00e9s de plus de 300 entreprises au Qu\u00e9bec, en Ontario et au Nouveau-Brunswick, dans le cadre de nos ateliers publics et de nos ateliers en entreprise.<\/p>\n<p class=\"\">Nous offrons des services de traduction et d\u2019interpr\u00e9tation \u00e0 des dizaines de clients dans des domaines aussi vari\u00e9s que les technologies de l\u2019information, la gestion, la comptabilit\u00e9, le marketing, l\u2019environnement, la sant\u00e9, le droit, l\u2019administration, l\u2019ing\u00e9nierie, l\u2019exploitation mini\u00e8re et la prospection p\u00e9troli\u00e8re.<\/p>\n<\/div>\n<div class=\"col-md-6 col-margin-bottom text-center col-xs-12 col-sm-12 col-lg-6\">\n<p class=\"mod-img\"><img loading=\"lazy\" decoding=\"async\" class=\"wp-image-329 aligncenter\" src=\"https:\/\/traducation.com\/wp-content\/uploads\/2016\/09\/STFoldwebsite.jpg\" width=\"285\" height=\"237\" data-imhwpb-built-photo-search=\"52|landscape\"><\/p>\n<\/div>\n<\/div>\n<\/div>\n<\/div>\n<div class=\"boldgrid-section\">\n<div class=\"container\">\n<div class=\"row\">\n<div class=\"col-lg-12 col-md-12 col-xs-12 col-sm-12\"><\/div>\n<\/div>\n<\/div>\n<\/div>","protected":false},"excerpt":{"rendered":"<p>STF Traducation was founded in 1993 as a full-service translation bureau offering translation and interpretation services. In the same year, we became a translation services provider for the government of Canada. In addition to translation services in 10 languages, we also provide training services for office personnel. These two services account for our name. STF [&hellip;]<\/p>","protected":false},"author":1,"featured_media":0,"parent":0,"menu_order":0,"comment_status":"closed","ping_status":"closed","template":"","meta":{"bgseo_title":"STF Traducation - translation and interpretation services","bgseo_description":"translation, professional, translation agencies, Chateauguay, English, French, Spanish, Arabic, Italian, German, Chinese, Japanese, workshops, Chateauguay","bgseo_robots_index":"index","bgseo_robots_follow":"follow","footnotes":""},"class_list":["post-15","page","type-page","status-publish"],"_links":{"self":[{"href":"https:\/\/traducation.com\/fr\/wp-json\/wp\/v2\/pages\/15","targetHints":{"allow":["GET"]}}],"collection":[{"href":"https:\/\/traducation.com\/fr\/wp-json\/wp\/v2\/pages"}],"about":[{"href":"https:\/\/traducation.com\/fr\/wp-json\/wp\/v2\/types\/page"}],"author":[{"embeddable":true,"href":"https:\/\/traducation.com\/fr\/wp-json\/wp\/v2\/users\/1"}],"replies":[{"embeddable":true,"href":"https:\/\/traducation.com\/fr\/wp-json\/wp\/v2\/comments?post=15"}],"version-history":[{"count":18,"href":"https:\/\/traducation.com\/fr\/wp-json\/wp\/v2\/pages\/15\/revisions"}],"predecessor-version":[{"id":1163,"href":"https:\/\/traducation.com\/fr\/wp-json\/wp\/v2\/pages\/15\/revisions\/1163"}],"wp:attachment":[{"href":"https:\/\/traducation.com\/fr\/wp-json\/wp\/v2\/media?parent=15"}],"curies":[{"name":"wp","href":"https:\/\/api.w.org\/{rel}","templated":true}]}}