{"id":196,"date":"2016-09-16T03:36:46","date_gmt":"2016-09-16T03:36:46","guid":{"rendered":"https:\/\/traducation.com\/?page_id=86"},"modified":"2025-04-23T18:29:03","modified_gmt":"2025-04-23T22:29:03","slug":"translation-services","status":"publish","type":"page","link":"https:\/\/traducation.com\/fr\/translation-services\/","title":{"rendered":"Traduction en 10 langues"},"content":{"rendered":"<div class=\"boldgrid-section\">\n<div class=\"container\">\n<div class=\"row\">\n<div class=\"col-lg-12 col-md-12 col-xs-12 col-sm-12\">\n<p>&nbsp;<\/p>\n<\/div>\n<\/div>\n<\/div>\n<\/div>\n<div class=\"boldgrid-section\">\n<div class=\"container\">\n<div class=\"row\">\n<div class=\"col-md-4 text-center col-xs-12 col-sm-12 col-lg-4\">\n<p class=\"mod-img\"><img loading=\"lazy\" decoding=\"async\" class=\"alignnone wp-image-299 size-medium\" src=\"https:\/\/traducation.com\/wp-content\/uploads\/2016\/09\/50_0_360_267.906976744_typing.jpg\" width=\"360\" height=\"267\" data-imhwpb-built-photo-search=\"56|portrait\"><\/p>\n<\/div>\n<div class=\"col-md-8 col-xs-12 col-sm-12 col-lg-8\">\n<h2 class=\"\">Translation in 10 Languages<\/h2>\n<p class=\"\"><span style=\"margin: 0px; line-height: 115%; font-family: 'trebuchet ms', geneva, sans-serif; font-size: 14px;\"><span style=\"color: #000000;\">Notre \u00e9quipe de professionnels chevronn\u00e9s de la traduction s'engage \u00e0 vous fournir des services de traduction de qualit\u00e9 \u00e0 des tarifs tr\u00e8s comp\u00e9titifs. Chacun de nos traducteurs est sp\u00e9cialis\u00e9 dans une combinaison de langues sp\u00e9cifique, avec une sp\u00e9cialisation suppl\u00e9mentaire par domaine : administratif, juridique, technique, commercial, m\u00e9dical, TI, etc.&nbsp;<\/span><\/span><\/p>\n<p>Pour mieux servir nos clients, nous sommes \u00e9quip\u00e9s des outils de traduction de pointe afin de faciliter la recherche et l'extraction d'informations, ce qui se traduit par un service plus rapide et, en fin de compte, par des \u00e9conomies pour nos clients.<\/p>\n<p class=\"\"><span style=\"font-size: 14px; font-family: 'trebuchet ms', geneva, sans-serif;\">Nos bases de donn\u00e9es internes, que nous avons soigneusement d\u00e9velopp\u00e9es au fil des ans, constituent l'un de nos meilleurs atouts. Class\u00e9es par r\u00e9f\u00e9rences clients, ces bases de donn\u00e9es garantissent la coh\u00e9rence de nos services aux clients. Les termes techniques sp\u00e9cifiques \u00e0 un client sont soigneusement r\u00e9pertori\u00e9s afin de garantir que tous les documents traduits pour ce client conservent la m\u00eame terminologie.<\/span><\/p>\n<p>Outre les langues officielles, nous pouvons prendre en charge vos travaux de traduction en anglais, fran\u00e7ais, espagnole, arabe, portugais, allemand, japonais, russe, italien, et en mandarin.<\/p>\n<div class=\"row gridblock\">\n<div class=\"col-md-12 col-xs-12 col-sm-12 col-lg-12\">\n<div class=\"row\">\n<div class=\"col-md-12 col-xs-12 col-sm-12 col-lg-12\">\n<div class=\"mod-space\"><\/div>\n<\/div>\n<\/div>\n<\/div>\n<\/div>\n<div class=\"gridblock\">\n<p class=\"p-button-primary\"><a class=\"button-primary button-overrides\" href=\"#\"><strong>Demandez un devis&nbsp;<\/strong><\/a><\/p>\n<\/div>\n<\/div>\n<\/div>\n<\/div>\n<\/div>\n<div class=\"boldgrid-section\">\n<div class=\"container\">\n<div class=\"row\">\n<div class=\"col-md-12 col-xs-12 col-sm-12 col-lg-12\"><\/div>\n<\/div>\n<\/div>\n<\/div>\n<div class=\"boldgrid-section\">\n<div class=\"container\">\n<div class=\"row\">\n<div class=\"col-md-12 col-xs-12 col-sm-12 col-lg-12\"><\/div>\n<\/div>\n<\/div>\n<\/div>\n<div class=\"boldgrid-section\">\n<div class=\"container\">\n<div class=\"row\">\n<div class=\"col-md-12 col-xs-12 col-sm-12 col-lg-12\"><\/div>\n<\/div>\n<\/div>\n<\/div>\n<div class=\"boldgrid-section\">\n<div class=\"container\">\n<div class=\"row\">\n<div class=\"col-md-12 text-center col-xs-12 col-sm-12 col-lg-12\">\n<h2>Services de traduction<\/h2>\n<\/div>\n<\/div>\n<\/div>\n<\/div>\n<div class=\"boldgrid-section\">\n<div class=\"container\">\n<div class=\"row gridblock\">\n<div class=\"col-md-12 col-xs-12 col-sm-12 col-lg-12\">\n<div class=\"row bg-editor-hr-wrap\">\n<div class=\"col-md-12 col-xs-12 col-sm-12 col-lg-12\">\n<hr>\n<\/div>\n<\/div>\n<\/div>\n<\/div>\n<\/div>\n<\/div>\n<div class=\"boldgrid-section\">\n<div class=\"container\">\n<div class=\"row\">\n<div class=\"col-md-12 col-xs-12 col-sm-12 col-lg-12\"><\/div>\n<\/div>\n<\/div>\n<\/div>\n<div class=\"boldgrid-section\">\n<div class=\"container\">\n<div class=\"row\">\n<div class=\"col-sm-6 col-xs-12 col-md-6 col-lg-6\">\n<div class=\"row\">\n<div class=\"col-sm-2 col-xs-12 col-md-2 col-lg-2\">\n<div class=\"text-center\"><\/div>\n<\/div>\n<div class=\"col-sm-10 col-xs-12 col-md-10 col-lg-10\">\n<div class=\"heading\">\n<p>Traduction en 10 langues<\/p>\n<\/div>\n<\/div>\n<\/div>\n<\/div>\n<div class=\"col-sm-6 col-xs-12 col-md-6 col-lg-6\">\n<div class=\"row\">\n<div class=\"col-sm-2 col-xs-12 col-md-2 col-lg-2\">\n<div class=\"text-center\"><\/div>\n<\/div>\n<div class=\"col-sm-10 col-xs-12 col-md-10 col-lg-10\">\n<div class=\"heading\">\n<p><a href=\"https:\/\/traducation.com\/fr\/translation-of-official-documents\/\">Traduction de documents officiels<\/a><\/p>\n<\/div>\n<\/div>\n<\/div>\n<\/div>\n<\/div>\n<\/div>\n<\/div>\n<div class=\"boldgrid-section\">\n<div class=\"container\">\n<div class=\"row\">\n<div class=\"col-sm-6 col-xs-12 col-md-6 col-lg-6\">\n<div class=\"row\">\n<div class=\"col-sm-2 col-xs-12 col-md-2 col-lg-2\">\n<div class=\"text-center\"><\/div>\n<\/div>\n<div class=\"col-sm-10 col-xs-12 col-md-10 col-lg-10\">\n<div class=\"heading\">\n<p><a href=\"https:\/\/traducation.com\/fr\/our-quality-process\/\">Notre processus de qualit\u00e9<\/a><\/p>\n<\/div>\n<\/div>\n<\/div>\n<\/div>\n<div class=\"col-sm-6 col-xs-12 col-md-6 col-lg-6\">\n<div class=\"row\">\n<div class=\"col-sm-2 col-xs-12 col-md-2 col-lg-2\">\n<div class=\"text-center\"><\/div>\n<\/div>\n<div class=\"col-sm-10 col-xs-12 col-md-10 col-lg-10\">\n<div class=\"heading\">\n<p>&nbsp;\u00c7a co\u00fbte combien?<\/p>\n<\/div>\n<\/div>\n<\/div>\n<\/div>\n<\/div>\n<\/div>\n<\/div>\n<div class=\"boldgrid-section\">\n<div class=\"container\">\n<div class=\"row\">\n<div class=\"col-sm-6 col-xs-12 col-md-6 col-lg-6\">\n<div class=\"row\">\n<div class=\"col-sm-2 col-xs-12 col-md-2 col-lg-2\">\n<div class=\"text-center\"><\/div>\n<\/div>\n<div class=\"col-sm-10 col-xs-12 col-md-10 col-lg-10\">\n<div class=\"heading\">\n<p><a href=\"https:\/\/traducation.com\/fr\/our-priority-program\/\">Notre programme de priorit\u00e9<\/a><\/p>\n<\/div>\n<\/div>\n<\/div>\n<\/div>\n<div class=\"col-sm-6 col-xs-12 col-md-6 col-lg-6\">\n<div class=\"row\">\n<div class=\"col-sm-2 col-xs-12 col-md-2 col-lg-2\">\n<div class=\"text-center\"><\/div>\n<\/div>\n<div class=\"col-sm-10 col-xs-12 col-md-10 col-lg-10\">\n<div class=\"heading\">\n<p><a href=\"https:\/\/traducation.com\/fr\/other-services\/\">Autres services<\/a><\/p>\n<\/div>\n<\/div>\n<\/div>\n<\/div>\n<\/div>\n<\/div>\n<\/div>","protected":false},"excerpt":{"rendered":"<p>&nbsp; Translation in 10 Languages Our team of seasoned translation professionals is&nbsp;dedicated to providing you with quality&nbsp;translation services at very competitive&nbsp;rates. Each of our translators specializes in&nbsp;specific languages, with further&nbsp;specialization by subject area: administrative, legal, technical,&nbsp;commercial, medical, IT, etc.&nbsp; To better serve our clients, we are&nbsp;equipped with the latest translation tools&nbsp;to facilitate research and information&nbsp;retrieval, [&hellip;]<\/p>","protected":false},"author":1,"featured_media":0,"parent":0,"menu_order":0,"comment_status":"closed","ping_status":"closed","template":"","meta":{"bgseo_title":"STF Traducation - Translation services in 10 languages","bgseo_description":"translation, agencies, Quebec, Montreal, Chateauguay, jobs, OTTIAQ, Translator, technical writing, trados, d\u00e9j\u00e0-vu, professional, ottiaq, Saint Constant","bgseo_robots_index":"index","bgseo_robots_follow":"follow","footnotes":""},"class_list":["post-196","page","type-page","status-publish"],"_links":{"self":[{"href":"https:\/\/traducation.com\/fr\/wp-json\/wp\/v2\/pages\/196","targetHints":{"allow":["GET"]}}],"collection":[{"href":"https:\/\/traducation.com\/fr\/wp-json\/wp\/v2\/pages"}],"about":[{"href":"https:\/\/traducation.com\/fr\/wp-json\/wp\/v2\/types\/page"}],"author":[{"embeddable":true,"href":"https:\/\/traducation.com\/fr\/wp-json\/wp\/v2\/users\/1"}],"replies":[{"embeddable":true,"href":"https:\/\/traducation.com\/fr\/wp-json\/wp\/v2\/comments?post=196"}],"version-history":[{"count":10,"href":"https:\/\/traducation.com\/fr\/wp-json\/wp\/v2\/pages\/196\/revisions"}],"predecessor-version":[{"id":1171,"href":"https:\/\/traducation.com\/fr\/wp-json\/wp\/v2\/pages\/196\/revisions\/1171"}],"wp:attachment":[{"href":"https:\/\/traducation.com\/fr\/wp-json\/wp\/v2\/media?parent=196"}],"curies":[{"name":"wp","href":"https:\/\/api.w.org\/{rel}","templated":true}]}}