{"id":245,"date":"2016-09-20T14:00:09","date_gmt":"2016-09-20T14:00:09","guid":{"rendered":"https:\/\/traducation.com\/?page_id=245"},"modified":"2021-12-21T13:49:39","modified_gmt":"2021-12-21T18:49:39","slug":"secure-payment-paiement-securise","status":"publish","type":"page","link":"https:\/\/traducation.com\/fr\/secure-payment-paiement-securise\/","title":{"rendered":"Secure payment \/ Paiement s\u00e9curis\u00e9"},"content":{"rendered":"<p>[:en]<\/p>\n<div class=\"boldgrid-section\">\n<div class=\"container-fluid\">\n<div class=\"row\">\n<div class=\"col-md-12 col-xs-12 col-sm-12\">\n<p class=\"\" style=\"text-align: center;\">Vous pouvez payer une ou plusieurs factures en ligne en utilisant votre carte de cr\u00e9dit dans un environnement s\u00e9curis\u00e9 PayPal. Vous aurez besoin de votre facture pour commencer. Si vous payez plusieurs factures, il suffit d&#8217;additionner les montants, saisir&nbsp;les num\u00e9ros de facture et payer en une seule transaction.<\/p>\n<\/div>\n<\/div>\n<\/div>\n<\/div>\n<div class=\"boldgrid-section\">\n<div class=\"container-fluid\">\n<div class=\"row\">\n<div class=\"col-md-12 col-xs-12 col-sm-12\">\n<div class=\"row bg-editor-hr-wrap\">\n<div class=\"col-md-12 col-xs-12 col-sm-12\">\n<div>\n<hr>\n<\/div>\n<\/div>\n<\/div>\n<\/div>\n<\/div>\n<\/div>\n<\/div>\n<div class=\"boldgrid-section\">\n<div class=\"container-fluid\">\n<div class=\"row\">\n<div class=\"col-md-12 col-xs-12 col-sm-12\">\n<p class=\"\" style=\"text-align: center;\">You can pay your invoice(s) online here using your credit card in a secure PayPal environment. You&#8217;ll need your invoice number(s) to get started. If you are paying multiple invoices, simply add up the amounts, enter the invoice numbers and pay in a single transaction.&nbsp;<\/p>\n<\/div>\n<\/div>\n<\/div>\n<div id=\"mf_placeholder\" data-formurl=\"http:\/\/duforms.com\/mf\/kipbyg\/embed.php?id=10990\" data-formheight=\"601\" data-paddingbottom=\"10\"><\/div>\n<p><iframe class=\"wp-embedded-content\" sandbox=\"allow-scripts\" security=\"restricted\" height=\"642px\" src=\"https:\/\/oembed.jotform.com\/62668916489274#?secret=7vtBgUWDrZ\" data-secret=\"7vtBgUWDrZ\"><\/iframe><\/p>\n<\/div>\n<div class=\"boldgrid-section\">\n<div class=\"container-fluid\">\n<div class=\"row\">\n<div class=\"col-md-12 col-xs-12 col-sm-12\">\n<div class=\"row bg-editor-hr-wrap\">\n<div class=\"col-md-12 col-xs-12 col-sm-12\">\n<div><\/div>\n<\/div>\n<\/div>\n<\/div>\n<\/div>\n<\/div>\n<\/div>\n<p>[:fr]<\/p>\n<div class=\"boldgrid-section\">\n<div class=\"container-fluid\">\n<div class=\"row\">\n<div class=\"col-md-12 col-xs-12 col-sm-12\">\n<p class=\"\" style=\"text-align: center;\">Vous pouvez payer une ou plusieurs factures en ligne en utilisant votre carte de cr\u00e9dit dans un environnement s\u00e9curis\u00e9 PayPal. Vous aurez besoin de votre facture pour commencer. Si vous payez plusieurs factures, il suffit d&#8217;additionner les montants, saisir&nbsp;les num\u00e9ros de facture et payer en une seule transaction.<\/p>\n<\/div>\n<\/div>\n<\/div>\n<\/div>\n<div class=\"boldgrid-section\">\n<div class=\"container-fluid\">\n<div class=\"row\">\n<div class=\"col-md-12 col-xs-12 col-sm-12\">\n<div class=\"row bg-editor-hr-wrap\">\n<div class=\"col-md-12 col-xs-12 col-sm-12\">\n<div>\n<hr>\n<\/div>\n<\/div>\n<\/div>\n<\/div>\n<\/div>\n<\/div>\n<\/div>\n<div class=\"boldgrid-section\">\n<div class=\"container-fluid\">\n<div class=\"row\">\n<div class=\"col-md-12 col-xs-12 col-sm-12\">\n<p class=\"\" style=\"text-align: center;\">You can pay your invoice(s) online here using your credit card in a secure PayPal environment. You&#8217;ll need your invoice number(s) to get started. If you are paying multiple invoices, simply add up the amounts, enter the invoice numbers and pay in a single transaction.&nbsp;<\/p>\n<\/div>\n<\/div>\n<\/div>\n<div id=\"mf_placeholder\" \n     data-formurl=\"http:\/\/duforms.com\/mf\/kipbyg\/embed.php?id=10990\" \n     data-formheight=\"601\"  \n     data-paddingbottom=\"10\">\n<\/div>\n<p><script type=\"text\/javascript\" src=\"http:\/\/duforms.com\/mf\/kipbyg\/js\/jquery.min.js\"><\/script><br \/>\n<script type=\"text\/javascript\" src=\"http:\/\/duforms.com\/mf\/kipbyg\/js\/jquery.ba-postmessage.min.js\"><\/script><br \/>\n<script type=\"text\/javascript\" src=\"http:\/\/duforms.com\/mf\/kipbyg\/js\/machform_loader.js\"><\/script>\n<\/div>\n<div class=\"boldgrid-section\">\n<div class=\"container-fluid\">\n<div class=\"row\">\n<div class=\"col-md-12 col-xs-12 col-sm-12\">\n<div class=\"row bg-editor-hr-wrap\">\n<div class=\"col-md-12 col-xs-12 col-sm-12\">\n<div><\/div>\n<\/div>\n<\/div>\n<\/div>\n<\/div>\n<\/div>\n<\/div>\n<p>[:]<\/p>","protected":false},"excerpt":{"rendered":"<p>[:en] Vous pouvez payer une ou plusieurs factures en ligne en utilisant votre carte de cr\u00e9dit dans un environnement s\u00e9curis\u00e9 PayPal. Vous aurez besoin de votre facture pour commencer. Si vous payez plusieurs factures, il suffit d&#8217;additionner les montants, saisir&nbsp;les num\u00e9ros de facture et payer en une seule transaction. You can pay your invoice(s) online [&hellip;]<\/p>","protected":false},"author":1,"featured_media":0,"parent":0,"menu_order":0,"comment_status":"closed","ping_status":"closed","template":"","meta":{"bgseo_title":"","bgseo_description":"","bgseo_robots_index":"index","bgseo_robots_follow":"follow","footnotes":""},"class_list":["post-245","page","type-page","status-publish"],"_links":{"self":[{"href":"https:\/\/traducation.com\/fr\/wp-json\/wp\/v2\/pages\/245","targetHints":{"allow":["GET"]}}],"collection":[{"href":"https:\/\/traducation.com\/fr\/wp-json\/wp\/v2\/pages"}],"about":[{"href":"https:\/\/traducation.com\/fr\/wp-json\/wp\/v2\/types\/page"}],"author":[{"embeddable":true,"href":"https:\/\/traducation.com\/fr\/wp-json\/wp\/v2\/users\/1"}],"replies":[{"embeddable":true,"href":"https:\/\/traducation.com\/fr\/wp-json\/wp\/v2\/comments?post=245"}],"version-history":[{"count":28,"href":"https:\/\/traducation.com\/fr\/wp-json\/wp\/v2\/pages\/245\/revisions"}],"predecessor-version":[{"id":817,"href":"https:\/\/traducation.com\/fr\/wp-json\/wp\/v2\/pages\/245\/revisions\/817"}],"wp:attachment":[{"href":"https:\/\/traducation.com\/fr\/wp-json\/wp\/v2\/media?parent=245"}],"curies":[{"name":"wp","href":"https:\/\/api.w.org\/{rel}","templated":true}]}}