{"id":844,"date":"2024-07-04T12:02:29","date_gmt":"2024-07-04T16:02:29","guid":{"rendered":"https:\/\/traducation.com\/?page_id=844"},"modified":"2025-04-21T21:58:08","modified_gmt":"2025-04-22T01:58:08","slug":"training-services","status":"publish","type":"page","link":"https:\/\/traducation.com\/fr\/training-services\/","title":{"rendered":"Services de formation"},"content":{"rendered":"<div class=\"boldgrid-section\">\r\n<div class=\"container\">\r\n<div class=\"row\">\r\n<div class=\"col-lg-12 col-md-12 col-xs-12 col-sm-12\">\r\n<p class=\"\">&nbsp;<\/p>\r\n<h3 class=\"\"><strong>Plus de 30 ans d'exp\u00e9rience<\/strong><\/h3>\r\n<p class=\"\">Nous offrons des services de formation pour le personnel de bureau depuis 1996. Au cours des 30 derni\u00e8res ann\u00e9es, nous avons form\u00e9 plus de 2000 employ\u00e9s de plus de 300 entreprises au Qu\u00e9bec, en Ontario et au Nouveau-Brunswick dans le cadre de nos ateliers publics et de nos ateliers internes. Nous offrons quatre (4) ateliers uniques de deux jours en traduction, en traduction avanc\u00e9e, en r\u00e9daction anglaise et en perfectionnement en fran\u00e7ais.<\/p>\r\n<h3 class=\"\"><strong>Pr\u00e9sentation professionnelle<\/strong><\/h3>\r\n<p class=\"\">Les animateurs de nos ateliers sont des traducteurs ch\u00e9vronn\u00e9s qui comptent des centaines  d'heures d'exp\u00e9rience en enseignement et en traduction, en plus d'une formation particuli\u00e8re sur notre approche d'animation d'ateliers.<\/p>\r\n<p class=\"\">Les ateliers sont <strong>ax\u00e9s sur les t\u00e2ches \u00e0 accomplir.<\/strong> Les participants apprendront en \u00e9crivant ou en traduisant une grande vari\u00e9t\u00e9 de textes soigneusement s\u00e9lectionn\u00e9s, chacun visant \u00e0 transmettre des comp\u00e9tences sp\u00e9cifiques ou \u00e0 mettre en \u00e9vidence des probl\u00e8mes de traduction particuliers. Gr\u00e2ce aux petits groupes, chaque participant b\u00e9n\u00e9ficie d'une attention particuli\u00e8re.<\/p>\r\n<h3 class=\"\"><strong>Three Workshop Formats to Choose From<\/strong><\/h3>\r\n<p class=\"\">Participants can choose from 3 different formats to register for the same workshop: In-person, Virtual or On-demand.<\/p>\r\n<ol class=\"\">\r\n<li><strong>In-person Workshops:<\/strong> They require the participant to be physically present at the training site in either a public or an in-house workshop. <a href=\"https:\/\/traducation.com\/fr\/public-workshops\/\">Click here for details<\/a>.<\/li>\r\n<li><strong>Virtual Workshops:<\/strong> The participant attends a live workshop from the comfort of their home or office via Zoom. It takes place on specific days and times. The participant interacts with the instructor and can ask questions or request clarification.&nbsp;<\/li>\r\n<li><strong>On-demand Workshops:<\/strong> The participant studies at his or her own rhythm and has total control of the times when they want to watch the various modules, and the total time it will take to complete all the modules.<\/li>\r\n<\/ol>\r\n<\/div>\r\n<\/div>\r\n<\/div>\r\n<\/div>\r\n\r\n\r\n\r\n<div class=\"boldgrid-section\">\r\n<div class=\"container\">\r\n<div class=\"row bg-editor-hr-wrap\">\r\n<div class=\"col-lg-12 col-md-12 col-xs-12 col-sm-12\">\r\n<div class=\"row bg-editor-hr-wrap\">\r\n<div class=\"col-lg-12 col-md-12 col-xs-12 col-sm-12\">\r\n<div>\r\n<p>&nbsp;<\/p>\r\n<hr class=\"wp-block-separator has-alpha-channel-opacity\"><\/div>\r\n<\/div>\r\n<\/div>\r\n<\/div>\r\n<\/div>\r\n<\/div>\r\n<\/div>\r\n\r\n\r\n\r\n<div class=\"boldgrid-section\">\r\n<div class=\"container\">\r\n<div class=\"row\">\r\n<div class=\"col-lg-12 col-md-12 col-xs-12 col-sm-12\">\r\n<div class=\"boldgrid-section\">\r\n<div class=\"container\">\r\n<div class=\"row\">\r\n<div class=\"col-sm-6 col-xs-12 col-md-6 col-lg-6\">\r\n<div>\r\n<div class=\"row\">\r\n<div class=\"col-sm-2 col-xs-12 col-md-2 col-lg-2\">\r\n<div class=\"text-center\"><i class=\"fa fa-2x fa-bookmark-o\"><\/i><\/div>\r\n<\/div>\r\n<div class=\"col-sm-10 col-xs-12 col-md-10 col-lg-10\">\r\n<div class=\"heading\">\r\n<p><a href=\"https:\/\/traducation.com\/fr\/public-workshops\/\">Ateliers publics<\/a><\/p>\r\n<\/div>\r\n<\/div>\r\n<\/div>\r\n<\/div>\r\n<\/div>\r\n<div class=\"col-sm-6 col-xs-12 col-md-6 col-lg-6\">\r\n<div>\r\n<div class=\"row\">\r\n<div class=\"col-sm-2 col-xs-12 col-md-2 col-lg-2\">\r\n<div class=\"text-center\"><i class=\"fa fa-2x fa-pencil-square-o\"><\/i><\/div>\r\n<\/div>\r\n<div class=\"col-sm-10 col-xs-12 col-md-10 col-lg-10\">\r\n<div class=\"heading\">\r\n<p><a href=\"https:\/\/traducation.com\/fr\/english-composition-workshop\/\">English Composition Workshop<\/a><\/p>\r\n<\/div>\r\n<\/div>\r\n<\/div>\r\n<\/div>\r\n<\/div>\r\n<\/div>\r\n<\/div>\r\n<\/div>\r\n<div class=\"boldgrid-section\">\r\n<div class=\"container\">\r\n<div class=\"row\">\r\n<div class=\"col-sm-6 col-xs-12 col-md-6 col-lg-6\">\r\n<div>\r\n<div class=\"row\">\r\n<div class=\"col-sm-2 col-xs-12 col-md-2 col-lg-2\">\r\n<div class=\"text-center\"><i class=\"fa fa-2x fa-bar-chart\"><\/i><\/div>\r\n<\/div>\r\n<div class=\"col-sm-10 col-xs-12 col-md-10 col-lg-10\">\r\n<div class=\"heading\">\r\n<p><a href=\"https:\/\/traducation.com\/fr\/in-house-workshops\/\">Ateliers en entreprise<\/a><\/p>\r\n<\/div>\r\n<\/div>\r\n<\/div>\r\n<\/div>\r\n<\/div>\r\n<div class=\"col-sm-6 col-xs-12 col-md-6 col-lg-6\">\r\n<div>\r\n<div class=\"row\">\r\n<div class=\"col-sm-2 col-xs-12 col-md-2 col-lg-2\">\r\n<div class=\"text-center\"><i class=\"fa fa-2x fa-building-o\"><\/i><\/div>\r\n<\/div>\r\n<div class=\"col-sm-10 col-xs-12 col-md-10 col-lg-10\">\r\n<div class=\"heading\">\r\n<p>Atelier de perfectionnement en fran\u00e7ais<\/p>\r\n<\/div>\r\n<\/div>\r\n<\/div>\r\n<\/div>\r\n<\/div>\r\n<\/div>\r\n<\/div>\r\n<\/div>\r\n<div class=\"boldgrid-section\">\r\n<div class=\"container\">\r\n<div class=\"row\">\r\n<div class=\"col-sm-6 col-xs-12 col-md-6 col-lg-6\">\r\n<div>\r\n<div class=\"row\">\r\n<div class=\"col-sm-2 col-xs-12 col-md-2 col-lg-2\">\r\n<div class=\"text-center\"><i class=\"fa fa-2x fa-cogs\"><\/i><\/div>\r\n<\/div>\r\n<div class=\"col-sm-10 col-xs-12 col-md-10 col-lg-10\">\r\n<div class=\"heading\">\r\n<p><a href=\"https:\/\/traducation.com\/fr\/translation-workshop\/\">Atelier de traduction<\/a><\/p>\r\n<\/div>\r\n<\/div>\r\n<\/div>\r\n<\/div>\r\n<\/div>\r\n<div class=\"col-sm-6 col-xs-12 col-md-6 col-lg-6\">\r\n<div>\r\n<div class=\"row\">\r\n<div class=\"col-sm-2 col-xs-12 col-md-2 col-lg-2\">\r\n<div class=\"text-center\"><i class=\"fa fa-2x fa-newspaper-o\"><\/i><\/div>\r\n<\/div>\r\n<div class=\"col-sm-10 col-xs-12 col-md-10 col-lg-10\">\r\n<div class=\"heading\">\r\n<p><a href=\"https:\/\/traducation.com\/fr\/advanced-translation-workshop\/\">Atelier de Traduction Avanc\u00e9e<\/a><\/p>\r\n<\/div>\r\n<\/div>\r\n<div class=\"col-lg-12 col-md-12 col-xs-12 col-sm-12\">\r\n<p style=\"text-align: center;\">&nbsp;<\/p>\r\n<\/div>\r\n<\/div>\r\n<\/div>\r\n<\/div>\r\n<\/div>\r\n<\/div>\r\n<\/div>\r\n<\/div>\r\n<\/div>\r\n<\/div>\r\n<\/div>\r\n<div class=\"boldgrid-section\">\r\n<div class=\"container\">\r\n<div class=\"row\">\r\n<div class=\"col-lg-12 col-md-12 col-xs-12 col-sm-12\">\r\n<p class=\"\"><a class=\"btn btn-longshadow btn-small-caps btn-pill btn-color-3\" style=\"font-size: 22px; color: #000000;\" href=\"https:\/\/form.jotform.com\/251016629415251\">S'INSCRIRE \u00c0 UN ATELIER<\/a><\/p>\r\n<p>&nbsp;<\/p>\r\n<\/div>\r\n<\/div>\r\n<\/div>\r\n<\/div>","protected":false},"excerpt":{"rendered":"<p>&nbsp; Over 30 Years Experience! We have been offering training services for office personnel since 1996. Over the past 30+ years, we have trained over 2000 employees from more than 300 companies in Quebec, Ontario and New Brunswick in both our public workshops and in-house workshops. We offer four (4) unique two-day workshops in Translation, [&hellip;]<\/p>","protected":false},"author":1,"featured_media":0,"parent":0,"menu_order":0,"comment_status":"closed","ping_status":"closed","template":"","meta":{"bgseo_title":"","bgseo_description":"","bgseo_robots_index":"index","bgseo_robots_follow":"follow","footnotes":""},"class_list":["post-844","page","type-page","status-publish"],"_links":{"self":[{"href":"https:\/\/traducation.com\/fr\/wp-json\/wp\/v2\/pages\/844","targetHints":{"allow":["GET"]}}],"collection":[{"href":"https:\/\/traducation.com\/fr\/wp-json\/wp\/v2\/pages"}],"about":[{"href":"https:\/\/traducation.com\/fr\/wp-json\/wp\/v2\/types\/page"}],"author":[{"embeddable":true,"href":"https:\/\/traducation.com\/fr\/wp-json\/wp\/v2\/users\/1"}],"replies":[{"embeddable":true,"href":"https:\/\/traducation.com\/fr\/wp-json\/wp\/v2\/comments?post=844"}],"version-history":[{"count":22,"href":"https:\/\/traducation.com\/fr\/wp-json\/wp\/v2\/pages\/844\/revisions"}],"predecessor-version":[{"id":1006,"href":"https:\/\/traducation.com\/fr\/wp-json\/wp\/v2\/pages\/844\/revisions\/1006"}],"wp:attachment":[{"href":"https:\/\/traducation.com\/fr\/wp-json\/wp\/v2\/media?parent=844"}],"curies":[{"name":"wp","href":"https:\/\/api.w.org\/{rel}","templated":true}]}}