{"id":86,"date":"2016-09-16T03:36:46","date_gmt":"2016-09-16T03:36:46","guid":{"rendered":"https:\/\/traducation.com\/?page_id=86"},"modified":"2025-04-23T18:32:42","modified_gmt":"2025-04-23T22:32:42","slug":"translation-of-official-documents","status":"publish","type":"page","link":"https:\/\/traducation.com\/fr\/translation-of-official-documents\/","title":{"rendered":"Traduction de documents officiels"},"content":{"rendered":"<div class=\"boldgrid-section\">\n<div class=\"container\">\n<div class=\"row\">\n<div class=\"col-lg-12 col-md-12 col-xs-12 col-sm-12\">\n<p class=\"\">&nbsp;<\/p>\n<\/div>\n<\/div>\n<\/div>\n<\/div>\n<div class=\"boldgrid-section\">\n<div class=\"container\">\n<div class=\"row\">\n<div class=\"col-md-4 text-center col-xs-12 col-sm-12 col-lg-4\">\n<p class=\"mod-img\"><img loading=\"lazy\" decoding=\"async\" class=\"alignnone wp-image-296 size-medium\" src=\"https:\/\/traducation.com\/wp-content\/uploads\/2016\/09\/certified-round-300x249.jpg\" width=\"300\" height=\"249\" data-imhwpb-built-photo-search=\"56|portrait\" srcset=\"https:\/\/traducation.com\/wp-content\/uploads\/2016\/09\/certified-round-300x249.jpg 300w, https:\/\/traducation.com\/wp-content\/uploads\/2016\/09\/certified-round.jpg 450w\" sizes=\"auto, (max-width: 300px) 100vw, 300px\" \/><\/p>\n<\/div>\n<div class=\"col-md-8 col-xs-12 col-sm-12 col-lg-8\">\n<h2 class=\"\">Traduction de documents officiels<\/h2>\n<div class=\"row gridblock\">\n<div class=\"col-md-12 col-xs-12 col-sm-12 col-lg-12\">\n<div class=\"row bg-editor-hr-wrap\">\n<div class=\"col-md-12 col-xs-12 col-sm-12 col-lg-12\">\n<hr>\n<\/div>\n<\/div>\n<\/div>\n<\/div>\n<p class=\"\"><span style=\"margin: 0px; line-height: 115%; font-family: 'Calibri','sans-serif'; font-size: 11pt;\"><span style=\"color: #000000;\">Vous pouvez compter sur nos traducteur membres de l' <em>Ordre des traducteurs, terminologues et interpr\u00e8tes agr\u00e9\u00e9s du Qu\u00e9bec<\/em> ou d'autres organismes professionnels pour vous fournir des traductions certifi\u00e9es en 10 langues. Chaque ann\u00e9e, nous fournissons des centaines de traductions officielles de toutes sortes de documents :&nbsp;<\/span><\/span><\/p>\n<ul class=\"\">\n<li><span style=\"margin: 0px; line-height: 115%; font-family: 'Calibri','sans-serif'; font-size: 11pt;\"><span style=\"color: #000000;\">actes de naissance<\/span><\/span><\/li>\n<li><span style=\"margin: 0px; line-height: 115%; font-family: 'Calibri','sans-serif'; font-size: 11pt;\"><span style=\"color: #000000;\">certificats de mariage<\/span><\/span><\/li>\n<li><span style=\"margin: 0px; line-height: 115%; font-family: 'Calibri','sans-serif'; font-size: 11pt;\"><span style=\"color: #000000;\">cetificats de divorce<\/span><\/span><\/li>\n<li><span style=\"margin: 0px; line-height: 115%; font-family: 'Calibri','sans-serif'; font-size: 11pt;\"><span style=\"color: #000000;\">certificats de d\u00e9c\u00e8s<\/span><\/span><\/li>\n<li><span style=\"margin: 0px; line-height: 115%; font-family: 'Calibri','sans-serif'; font-size: 11pt;\"><span style=\"color: #000000;\">jugements<\/span><\/span><\/li>\n<li><span style=\"margin: 0px; line-height: 115%; font-family: 'Calibri','sans-serif'; font-size: 11pt;\"><span style=\"color: #000000;\">contrats<\/span><\/span><\/li>\n<li><span style=\"margin: 0px; line-height: 115%; font-family: 'Calibri','sans-serif'; font-size: 11pt;\"><span style=\"color: #000000;\">testaments<\/span><\/span><\/li>\n<li><span style=\"margin: 0px; line-height: 115%; font-family: 'Calibri','sans-serif'; font-size: 11pt;\"><span style=\"color: #000000;\">dipl\u00f4mes<\/span><\/span><\/li>\n<li><span style=\"margin: 0px; line-height: 115%; font-family: 'Calibri','sans-serif'; font-size: 11pt;\"><span style=\"color: #000000;\">bulletins de notes<\/span><\/span><\/li>\n<\/ul>\n<p><span style=\"margin: 0px; line-height: 115%; font-family: 'Calibri','sans-serif'; font-size: 11pt;\"><span style=\"color: #000000;\">Pour recevoir un devis pour la traduction de votre\/vos document(s) officiel(s), cliquez sur le lien ci-dessous et joignez le(s) document(s) concern\u00e9(s). Les traductions de documents officiels sont g\u00e9n\u00e9ralement pr\u00eates dans un d\u00e9lai de trois jours ouvrables.<\/span><\/span><\/p>\n<div class=\"row gridblock\">\n<div class=\"col-md-12 col-xs-12 col-sm-12 col-lg-12\">\n<div class=\"row\">\n<div class=\"col-md-12 col-xs-12 col-sm-12 col-lg-12\">\n<div class=\"mod-space\"><\/div>\n<\/div>\n<\/div>\n<\/div>\n<\/div>\n<div class=\"gridblock\">\n<p class=\"p-button-primary\"><a class=\"button-primary button-overrides\" href=\"https:\/\/traducation.com\/fr\/quote\/\"><strong>Demandez un devis&nbsp;<\/strong><\/a><\/p>\n<\/div>\n<\/div>\n<\/div>\n<\/div>\n<\/div>\n<div class=\"boldgrid-section\">\n<div class=\"container\">\n<div class=\"row\">\n<div class=\"col-md-12 col-xs-12 col-sm-12 col-lg-12\"><\/div>\n<\/div>\n<\/div>\n<\/div>\n<div class=\"boldgrid-section\">\n<div class=\"container\">\n<div class=\"row\">\n<div class=\"col-md-12 col-xs-12 col-sm-12 col-lg-12\"><\/div>\n<\/div>\n<\/div>\n<\/div>\n<div class=\"boldgrid-section\">\n<div class=\"container\">\n<div class=\"row\">\n<div class=\"col-md-12 col-xs-12 col-sm-12 col-lg-12\"><\/div>\n<\/div>\n<\/div>\n<\/div>\n<div class=\"boldgrid-section\">\n<div class=\"container\">\n<div class=\"row\">\n<div class=\"col-md-12 text-center col-xs-12 col-sm-12 col-lg-12\">\n<h2 class=\"\">Services de traduction<\/h2>\n<\/div>\n<\/div>\n<\/div>\n<\/div>\n<div class=\"boldgrid-section\">\n<div class=\"container\">\n<div class=\"row gridblock\">\n<div class=\"col-md-12 col-xs-12 col-sm-12 col-lg-12\">\n<div class=\"row bg-editor-hr-wrap\">\n<div class=\"col-md-12 col-xs-12 col-sm-12 col-lg-12\">\n<hr>\n<\/div>\n<\/div>\n<\/div>\n<\/div>\n<\/div>\n<\/div>\n<div class=\"boldgrid-section\">\n<div class=\"container\">\n<div class=\"row\">\n<div class=\"col-md-12 col-xs-12 col-sm-12 col-lg-12\"><\/div>\n<\/div>\n<\/div>\n<\/div>\n<div class=\"boldgrid-section\">\n<div class=\"container\">\n<div class=\"row\">\n<div class=\"col-sm-6 col-xs-12 col-md-6 col-lg-6\">\n<div class=\"row\">\n<div class=\"col-sm-2 col-xs-12 col-md-2 col-lg-2\">\n<div class=\"text-center\"><i class=\"fa fa-2x fa-bookmark-o\"> <\/i><\/div>\n<\/div>\n<div class=\"col-sm-10 col-xs-12 col-md-10 col-lg-10\">\n<div class=\"heading\">\n<p><a href=\"https:\/\/traducation.com\/fr\/translation-services\/\">Traduction en 10 langues<\/a><\/p>\n<\/div>\n<\/div>\n<\/div>\n<\/div>\n<div class=\"col-sm-6 col-xs-12 col-md-6 col-lg-6\">\n<div class=\"row\">\n<div class=\"col-sm-2 col-xs-12 col-md-2 col-lg-2\">\n<div class=\"text-center\"><i class=\"fa fa-2x fa-pencil-square-o\"> <\/i><\/div>\n<\/div>\n<div class=\"col-sm-10 col-xs-12 col-md-10 col-lg-10\">\n<div class=\"heading\">\n<p><a href=\"https:\/\/traducation.com\/fr\/translation-of-official-documents\/\">Traduction de documents officiels<\/a><\/p>\n<\/div>\n<\/div>\n<\/div>\n<\/div>\n<\/div>\n<\/div>\n<\/div>\n<div class=\"boldgrid-section\">\n<div class=\"container\">\n<div class=\"row\">\n<div class=\"col-sm-6 col-xs-12 col-md-6 col-lg-6\">\n<div class=\"row\">\n<div class=\"col-sm-2 col-xs-12 col-md-2 col-lg-2\">\n<div class=\"text-center\"><i class=\"fa fa-2x fa-bar-chart\"> <\/i><\/div>\n<\/div>\n<div class=\"col-sm-10 col-xs-12 col-md-10 col-lg-10\">\n<div class=\"heading\">\n<p><a href=\"https:\/\/traducation.com\/fr\/our-quality-process\/\">Notre processus de qualit\u00e9<\/a><\/p>\n<\/div>\n<\/div>\n<\/div>\n<\/div>\n<div class=\"col-sm-6 col-xs-12 col-md-6 col-lg-6\">\n<div class=\"row\">\n<div class=\"col-sm-2 col-xs-12 col-md-2 col-lg-2\">\n<div class=\"text-center\"><i class=\"fa fa-2x fa-building-o\"> <\/i><\/div>\n<\/div>\n<div class=\"col-sm-10 col-xs-12 col-md-10 col-lg-10\">\n<div class=\"heading\">\n<p>\u00c7a co\u00fbte combien?<\/p>\n<\/div>\n<\/div>\n<\/div>\n<\/div>\n<\/div>\n<\/div>\n<\/div>\n<div class=\"boldgrid-section\">\n<div class=\"container\">\n<div class=\"row\">\n<div class=\"col-sm-6 col-xs-12 col-md-6 col-lg-6\">\n<div class=\"row\">\n<div class=\"col-sm-2 col-xs-12 col-md-2 col-lg-2\">\n<div class=\"text-center\"><i class=\"fa fa-2x fa-cogs\"> <\/i><\/div>\n<\/div>\n<div class=\"col-sm-10 col-xs-12 col-md-10 col-lg-10\">\n<div class=\"heading\">\n<p><a href=\"https:\/\/traducation.com\/fr\/our-priority-program\/\">Notre programme de priorit\u00e9<\/a><\/p>\n<\/div>\n<\/div>\n<\/div>\n<\/div>\n<div class=\"col-sm-6 col-xs-12 col-md-6 col-lg-6\">\n<div class=\"row\">\n<div class=\"col-sm-2 col-xs-12 col-md-2 col-lg-2\">\n<div class=\"text-center\"><i class=\"fa fa-2x fa-newspaper-o\"> <\/i><\/div>\n<\/div>\n<div class=\"col-sm-10 col-xs-12 col-md-10 col-lg-10\">\n<div class=\"heading\">\n<p><a href=\"https:\/\/traducation.com\/fr\/other-services\/\">Autres services<\/a><\/p>\n<\/div>\n<\/div>\n<\/div>\n<\/div>\n<\/div>\n<\/div>\n<\/div>","protected":false},"excerpt":{"rendered":"<p>&nbsp; Translation of Official Documents You can rely on our certified translators who are members of the Ordre des traducteurs, terminologues et interpr\u00e8tes agr\u00e9\u00e9s du Qu\u00e9bec or other professional bodies to provide you certified translations in 10 languages. Every year, we provide hundreds of official translations of all sorts of documents:&nbsp; birth certificates marriage certificates [&hellip;]<\/p>","protected":false},"author":1,"featured_media":0,"parent":0,"menu_order":0,"comment_status":"closed","ping_status":"closed","template":"","meta":{"bgseo_title":"STF Traducation - Translation of official documents. Chateauguay.","bgseo_description":"Certified translation, professional, official, Montreal, English, French, Spanish, ottiaq, Valleyfield, Saint Constant, Mercier, LaSalle, Verdun, notarized","bgseo_robots_index":"index","bgseo_robots_follow":"follow","footnotes":""},"class_list":["post-86","page","type-page","status-publish"],"_links":{"self":[{"href":"https:\/\/traducation.com\/fr\/wp-json\/wp\/v2\/pages\/86","targetHints":{"allow":["GET"]}}],"collection":[{"href":"https:\/\/traducation.com\/fr\/wp-json\/wp\/v2\/pages"}],"about":[{"href":"https:\/\/traducation.com\/fr\/wp-json\/wp\/v2\/types\/page"}],"author":[{"embeddable":true,"href":"https:\/\/traducation.com\/fr\/wp-json\/wp\/v2\/users\/1"}],"replies":[{"embeddable":true,"href":"https:\/\/traducation.com\/fr\/wp-json\/wp\/v2\/comments?post=86"}],"version-history":[{"count":29,"href":"https:\/\/traducation.com\/fr\/wp-json\/wp\/v2\/pages\/86\/revisions"}],"predecessor-version":[{"id":1177,"href":"https:\/\/traducation.com\/fr\/wp-json\/wp\/v2\/pages\/86\/revisions\/1177"}],"wp:attachment":[{"href":"https:\/\/traducation.com\/fr\/wp-json\/wp\/v2\/media?parent=86"}],"curies":[{"name":"wp","href":"https:\/\/api.w.org\/{rel}","templated":true}]}}