{"id":872,"date":"2024-07-04T17:45:12","date_gmt":"2024-07-04T21:45:12","guid":{"rendered":"https:\/\/traducation.com\/?page_id=872"},"modified":"2025-04-23T18:04:52","modified_gmt":"2025-04-23T22:04:52","slug":"english-composition-workshop","status":"publish","type":"page","link":"https:\/\/traducation.com\/fr\/english-composition-workshop\/","title":{"rendered":"English Composition Workshop"},"content":{"rendered":"<div class=\"boldgrid-section\">\r\n<div class=\"container\">\r\n<div class=\"row\">\r\n<div class=\"col-lg-1 col-md-12 col-sm-12 col-xs-12\"><\/div>\r\n<div class=\"col-lg-9 col-md-12 col-xs-12 col-sm-12\">\r\n<p class=\"\">Cet atelier est destin\u00e9 aux employ\u00e9s ayant une bonne ma\u00eetrise de<br>la langue anglaise. Il vise \u00e0 fournir aux participants tous<br>les outils n\u00e9cessaires pour r\u00e9diger sans effort et de mani\u00e8re professionnelle dans un<br>cadre professionnel.<\/p>\r\n<h2 class=\"wp-block-heading\">Plan de l'atelier<\/h2>\r\n<p class=\"\"><strong>Jour 1<\/strong><br>\u00b7 Review of advanced points of English grammar<br>\u00b7 Idiomatic phrases and expressions<br>\u00b7 How to punctuate it right<br>\u00b7 Rules for capitalization<br><strong>Jour 2<\/strong><br>\u00b7 Effective transition words and phrases<br>\u00b7 Techniques for putting emphasis<br>\u00b7 Techniques for constructing solid, balanced sentences<br>\u00b7 The topic sentence<br>\u00b7 Differences between Canadian and American English<\/p>\r\n<h2 class=\"wp-block-heading\">Ce que les participants vont apprendre<\/h2>\r\n<ul class=\"\">\r\n<li>The rules for capitalization<\/li>\r\n\r\n\r\n\r\n<li>How to select the right word<\/li>\r\n\r\n\r\n\r\n<li>3 ways to organize a paragraph<\/li>\r\n\r\n\r\n\r\n<li>5 techniques for putting emphasis<\/li>\r\n\r\n\r\n\r\n<li>How to write effectively using action verbs<\/li>\r\n\r\n\r\n\r\n<li>How to check the internal logic of your document<\/li>\r\n\r\n\r\n\r\n<li>The basic differences between English and French<\/li>\r\n\r\n\r\n\r\n<li>10 techniques for constructing powerful sentences<\/li>\r\n\r\n\r\n\r\n<li>5 techniques to get and keep the reader\u2019s attention<\/li>\r\n\r\n\r\n\r\n<li>How to ensure coherence and brevity<\/li>\r\n\r\n\r\n\r\n<li>100 transition words and phrases to spice up your writing<\/li>\r\n<\/ul>\r\n<p class=\"\">&nbsp;<\/p>\r\n<p class=\"\" style=\"text-align: center;\"><a class=\"btn btn-longshadow btn-small-caps btn-pill btn-color-3\" style=\"font-size: 22px; color: #000000;\" href=\"https:\/\/form.jotform.com\/251016629415251\">S'INSCRIRE \u00c0 UN ATELIER<\/a><\/p>\r\n<div class=\"boldgrid-section\">\r\n<div class=\"container\">\r\n<div class=\"row bg-editor-hr-wrap\">\r\n<div class=\"col-lg-12 col-md-12 col-xs-12 col-sm-12\">\r\n<div>\r\n<div class=\"row bg-editor-hr-wrap\">\r\n<div class=\"col-lg-12 col-md-12 col-xs-12 col-sm-12\">\r\n<div>\r\n<div class=\"boldgrid-section\">\r\n<div class=\"container\">\r\n<div class=\"row\">\r\n<div class=\"col-lg-12 col-md-12 col-xs-12 col-sm-12\">\r\n<div>\r\n<h3 class=\"\" style=\"text-align: center;\"><strong>D\u00e9couvrez tout sur nos ateliers<\/strong><\/h3>\r\n<\/div>\r\n<\/div>\r\n<\/div>\r\n<\/div>\r\n<\/div>\r\n<div class=\"boldgrid-section\">\r\n<div class=\"container\">\r\n<div class=\"row\">\r\n<div class=\"col-lg-12 col-md-12 col-xs-12 col-sm-12\">\r\n<p class=\"\" style=\"text-align: center;\"><a href=\"https:\/\/traducation.com\/fr\/overview-of-our-workshops\/?trp-edit-translation=preview\" target=\"_self\" data-trp-original-href=\"https:\/\/traducation.com\/en\/overview-of-our-workshops\/\">Survol de nos ateliers<\/a><\/p>\r\n<\/div>\r\n<\/div>\r\n<div class=\"row\">\r\n<div class=\"col-lg-12 col-md-12 col-xs-12 col-sm-12\">\r\n<div>\r\n<div class=\"boldgrid-section\">\r\n<div class=\"container\">\r\n<div class=\"row\">\r\n<div class=\"col-sm-6 col-xs-12 col-md-6 col-lg-6\">\r\n<div>\r\n<div class=\"row\">\r\n<div class=\"col-sm-2 col-xs-12 col-md-2 col-lg-2\">\r\n<div class=\"text-center\"><i class=\"fa fa-2x fa-bookmark-o\"><\/i><\/div>\r\n<\/div>\r\n<div class=\"col-sm-10 col-xs-12 col-md-10 col-lg-10\">\r\n<div class=\"heading\"><a href=\"https:\/\/traducation.com\/fr\/public-workshops\/?trp-edit-translation=preview\" target=\"_self\" data-trp-original-href=\"https:\/\/traducation.com\/en\/public-workshops\/\">En pr\u00e9sentiel, virtuel ou \u00e0 la demande<\/a><\/div>\r\n<\/div>\r\n<\/div>\r\n<\/div>\r\n<\/div>\r\n<div class=\"col-sm-6 col-xs-12 col-md-6 col-lg-6\">\r\n<div>\r\n<div class=\"row\">\r\n<div class=\"col-sm-2 col-xs-12 col-md-2 col-lg-2\">\r\n<div class=\"text-center\"><i class=\"fa fa-2x fa-pencil-square-o\"><\/i><\/div>\r\n<\/div>\r\n<div class=\"col-sm-10 col-xs-12 col-md-10 col-lg-10\">\r\n<div class=\"heading\"><a href=\"https:\/\/traducation.com\/fr\/english-composition-workshop\/?trp-edit-translation=preview\" target=\"_self\" data-trp-original-href=\"https:\/\/traducation.com\/en\/english-composition-workshop\/\">English Composition Workshop<\/a><\/div>\r\n<\/div>\r\n<\/div>\r\n<\/div>\r\n<\/div>\r\n<\/div>\r\n<\/div>\r\n<\/div>\r\n<div class=\"boldgrid-section\">\r\n<div class=\"container\">\r\n<div class=\"row\">\r\n<div class=\"col-sm-6 col-xs-12 col-md-6 col-lg-6\">\r\n<div>\r\n<div class=\"row\">\r\n<div class=\"col-sm-2 col-xs-12 col-md-2 col-lg-2\">\r\n<div class=\"text-center\"><i class=\"fa fa-2x fa-bar-chart\"><\/i><\/div>\r\n<\/div>\r\n<div class=\"col-sm-10 col-xs-12 col-md-10 col-lg-10\">\r\n<div class=\"heading\"><a href=\"https:\/\/traducation.com\/fr\/in-house-workshops\/?trp-edit-translation=preview\" target=\"_self\" data-trp-original-href=\"https:\/\/traducation.com\/en\/in-house-workshops\/\">Ateliers en entreprise<\/a><\/div>\r\n<\/div>\r\n<\/div>\r\n<\/div>\r\n<\/div>\r\n<div class=\"col-sm-6 col-xs-12 col-md-6 col-lg-6\">\r\n<div>\r\n<div class=\"row\">\r\n<div class=\"col-sm-2 col-xs-12 col-md-2 col-lg-2\">\r\n<div class=\"text-center\"><i class=\"fa fa-2x fa-building-o\"><\/i><\/div>\r\n<\/div>\r\n<div class=\"col-sm-10 col-xs-12 col-md-10 col-lg-10\">\r\n<div class=\"heading\"><a href=\"https:\/\/traducation.com\/fr\/atelier-de-perfectionnement-en-francais\/?trp-edit-translation=preview\" target=\"_self\" data-trp-original-href=\"https:\/\/traducation.com\/en\/atelier-de-perfectionnement-en-francais\/\">Atelier de perfectionnement en fran\u00e7ais<\/a><\/div>\r\n<\/div>\r\n<\/div>\r\n<\/div>\r\n<\/div>\r\n<\/div>\r\n<\/div>\r\n<\/div>\r\n<div class=\"boldgrid-section\">\r\n<div class=\"container\">\r\n<div class=\"row\">\r\n<div class=\"col-sm-6 col-xs-12 col-md-6 col-lg-6\">\r\n<div>\r\n<div class=\"row\">\r\n<div class=\"col-sm-2 col-xs-12 col-md-2 col-lg-2\">\r\n<div class=\"text-center\"><i class=\"fa fa-2x fa-cogs\"><\/i><\/div>\r\n<\/div>\r\n<div class=\"col-sm-10 col-xs-12 col-md-10 col-lg-10\">\r\n<div class=\"heading\"><a href=\"https:\/\/traducation.com\/fr\/translation-workshop\/?trp-edit-translation=preview\" target=\"_self\" data-trp-original-href=\"https:\/\/traducation.com\/en\/translation-workshop\/\">Atelier de traduction<\/a><\/div>\r\n<\/div>\r\n<\/div>\r\n<\/div>\r\n<\/div>\r\n<div class=\"col-sm-6 col-xs-12 col-md-6 col-lg-6\">\r\n<div>\r\n<div class=\"row\">\r\n<div class=\"col-sm-2 col-xs-12 col-md-2 col-lg-2\">\r\n<div class=\"text-center\"><i class=\"fa fa-2x fa-newspaper-o\"><\/i><\/div>\r\n<\/div>\r\n<div class=\"col-sm-10 col-xs-12 col-md-10 col-lg-10\">\r\n<div class=\"heading\"><a href=\"https:\/\/traducation.com\/fr\/advanced-translation-workshop\/?trp-edit-translation=preview\" target=\"_self\" data-trp-original-href=\"https:\/\/traducation.com\/en\/advanced-translation-workshop\/\">Atelier de traduction avanc\u00e9e<\/a><\/div>\r\n<\/div>\r\n<\/div>\r\n<\/div>\r\n<\/div>\r\n<\/div>\r\n<\/div>\r\n<\/div>\r\n<\/div>\r\n<\/div>\r\n<\/div>\r\n<\/div>\r\n<\/div>\r\n<\/div>\r\n<\/div>\r\n<\/div>\r\n<\/div>\r\n<\/div>\r\n<\/div>\r\n<\/div>\r\n<\/div>\r\n<div class=\"boldgrid-section\">\r\n<div class=\"container\">\r\n<div class=\"row\">\r\n<div class=\"col-lg-12 col-md-12 col-xs-12 col-sm-12\">\r\n<div class=\"boldgrid-section\">\r\n<div class=\"container\">\r\n<div class=\"row\">\r\n<div class=\"col-sm-6 col-xs-12 col-md-6 col-lg-6\">\r\n<div>\r\n<div class=\"row\">\r\n<div class=\"col-sm-10 col-xs-12 col-md-10 col-lg-10\"><\/div>\r\n<\/div>\r\n<\/div>\r\n<\/div>\r\n<\/div>\r\n<\/div>\r\n<\/div>\r\n<\/div>\r\n<\/div>\r\n<\/div>\r\n<\/div>\r\n<\/div>\r\n<div class=\"col-lg-2 col-md-12 col-sm-12 col-xs-12\"><\/div>\r\n<\/div>\r\n<\/div>\r\n<\/div>","protected":false},"excerpt":{"rendered":"<p>This workshop is designed for employees with a good grasp ofthe English language. It is aimed at providing participants allthe tools required to write effortlessly and professionally in abusiness environment. Workshop Outline Day 1\u00b7 Review of advanced points of English grammar\u00b7 Idiomatic phrases and expressions\u00b7 How to punctuate it right\u00b7 Rules for capitalizationDay 2\u00b7 Effective [&hellip;]<\/p>","protected":false},"author":1,"featured_media":0,"parent":0,"menu_order":0,"comment_status":"closed","ping_status":"closed","template":"","meta":{"bgseo_title":"","bgseo_description":"","bgseo_robots_index":"index","bgseo_robots_follow":"follow","footnotes":""},"class_list":["post-872","page","type-page","status-publish"],"_links":{"self":[{"href":"https:\/\/traducation.com\/fr\/wp-json\/wp\/v2\/pages\/872","targetHints":{"allow":["GET"]}}],"collection":[{"href":"https:\/\/traducation.com\/fr\/wp-json\/wp\/v2\/pages"}],"about":[{"href":"https:\/\/traducation.com\/fr\/wp-json\/wp\/v2\/types\/page"}],"author":[{"embeddable":true,"href":"https:\/\/traducation.com\/fr\/wp-json\/wp\/v2\/users\/1"}],"replies":[{"embeddable":true,"href":"https:\/\/traducation.com\/fr\/wp-json\/wp\/v2\/comments?post=872"}],"version-history":[{"count":8,"href":"https:\/\/traducation.com\/fr\/wp-json\/wp\/v2\/pages\/872\/revisions"}],"predecessor-version":[{"id":1338,"href":"https:\/\/traducation.com\/fr\/wp-json\/wp\/v2\/pages\/872\/revisions\/1338"}],"wp:attachment":[{"href":"https:\/\/traducation.com\/fr\/wp-json\/wp\/v2\/media?parent=872"}],"curies":[{"name":"wp","href":"https:\/\/api.w.org\/{rel}","templated":true}]}}