{"id":876,"date":"2024-07-04T17:56:51","date_gmt":"2024-07-04T21:56:51","guid":{"rendered":"https:\/\/traducation.com\/?page_id=876"},"modified":"2025-04-23T17:55:25","modified_gmt":"2025-04-23T21:55:25","slug":"comments","status":"publish","type":"page","link":"https:\/\/traducation.com\/fr\/comments\/","title":{"rendered":"Commentaires sur nos ateliers"},"content":{"rendered":"<div class=\"color3-background-color color-3-text-contrast bg-background-color tmpl-testimonial-9 boldgrid-section dynamic-gridblock\">\r\n<div class=\"container\">\r\n<div class=\"row\">\r\n<div class=\"col-lg-12 col-md-12 col-xs-12 col-sm-12\">\r\n<p class=\"\" style=\"text-align: center; font-size: 21px;\">Voici quelques t\u00e9moignages sur nos ateliers :<\/p>\r\n<\/div>\r\n<\/div>\r\n<div class=\"row\">\r\n<div class=\"col-md-4 col-sm-4 col-xs-12 col-lg-4\">\r\n<div class=\"row\" style=\"padding-top: 25px; padding-bottom: 15px;\">\r\n<div class=\"col-md-12 col-sm-12 col-xs-12 col-lg-12\">\r\n<div><br>\r\n<div>\r\n<div>\r\n<div style=\"padding: 1em 1em 4em 1em;\" class=\"color2-background-color color-2-text-contrast bg-background-color bg-box bg-box-square bg-box-shadow-bottom-left\">\r\n<p class=\"\" style=\"text-align: center;\"><em>\u00abTr\u00e8s, tr\u00e8s bon\u00bb.<\/em><\/p>\r\n<\/div>\r\n<p style=\"text-align: center;\">Manon Legault, <br>Adjointe administrative, <br>VILLE DE PIERREFONDS<\/p>\r\n<\/div>\r\n<\/div>\r\n<\/div>\r\n<\/div>\r\n<\/div>\r\n<\/div>\r\n<div class=\"col-md-4 col-sm-4 col-xs-12 col-lg-4\">\r\n<div class=\"row\" style=\"padding-top: 25px; padding-bottom: 15px;\">\r\n<div class=\"col-md-12 col-sm-12 col-xs-12 col-lg-12\">\r\n<div>\r\n<div><\/div>\r\n<div style=\"padding: 1em 1em 4em; text-align: center;\" class=\"color2-background-color color-2-text-contrast bg-background-color bg-box bg-box-square bg-box-shadow-bottom-left\"><em>\u201cThis is not the first workshop I have attended but it is the first one where I feel&nbsp;I\u2019ll apply what I have learned in my daily tasks.\u201d<\/em><\/div>\r\n<p style=\"text-align: center;\">Martine Guertin, <br>Secretary, <br>GROUPE TEKNIKA, Granby<\/p>\r\n<\/div>\r\n<\/div>\r\n<\/div>\r\n<\/div>\r\n<div class=\"col-md-4 col-sm-4 col-xs-12 col-lg-4\">\r\n<div class=\"row\" style=\"padding-top: 25px; padding-bottom: 15px;\">\r\n<div class=\"col-md-12 col-sm-12 col-xs-12 col-lg-12\">\r\n<div><br>\r\n<div>\r\n<div>\r\n<div style=\"padding: 1em 1em 4em 1em;\" class=\"color2-background-color color-2-text-contrast bg-background-color bg-box bg-box-square bg-box-shadow-bottom-left\">\r\n<p><em>\u201cIt was one of the best workshops I have attended.\u201d<\/em><\/p>\r\n<\/div>\r\n<p style=\"text-align: center;\">Lucie Dub\u00e9, <br>Executive Secretary, <br>PONTIAC COMM.&nbsp; HOSPITAL<\/p>\r\n<\/div>\r\n<\/div>\r\n<\/div>\r\n<\/div>\r\n<\/div>\r\n<\/div>\r\n<\/div>\r\n<\/div>\r\n<\/div>\r\n<div class=\"color3-background-color color-3-text-contrast bg-background-color tmpl-testimonial-9 boldgrid-section dynamic-gridblock\">\r\n<div class=\"container\">\r\n<div class=\"row\" style=\"padding-bottom: 0px;\">\r\n<div class=\"col-md-4 col-sm-4 col-xs-12 col-lg-4\">\r\n<div class=\"row\" style=\"padding-top: 25px; padding-bottom: 15px;\">\r\n<div class=\"col-md-12 col-sm-12 col-xs-12 col-lg-12\">\r\n<div><br>\r\n<div>\r\n<div>\r\n<div style=\"padding: 1em 1em 4em 1em;\" class=\"color2-background-color color-2-text-contrast bg-background-color bg-box bg-box-square bg-box-shadow-bottom-left\">\r\n<p class=\"\" style=\"text-align: center;\"><em>\u00abExcellent. Le type d\u2019atelier dont j\u2019avais besoin\u00bb.<\/em><\/p>\r\n<\/div>\r\n<p style=\"text-align: center;\">Micheline \u00c9mond, <br>Adjointe aux Ress.&nbsp; humaines, <br>MSAS CARGO<\/p>\r\n<\/div>\r\n<\/div>\r\n<\/div>\r\n<\/div>\r\n<\/div>\r\n<\/div>\r\n<div class=\"col-md-4 col-sm-4 col-xs-12 col-lg-4\">\r\n<div class=\"row\" style=\"padding-top: 25px; padding-bottom: 15px;\">\r\n<div class=\"col-md-12 col-sm-12 col-xs-12 col-lg-12\">\r\n<div>\r\n<div><\/div>\r\n<div style=\"padding: 1em 1em 4em; text-align: center;\" class=\"color2-background-color color-2-text-contrast bg-background-color bg-box bg-box-square bg-box-shadow-bottom-left\"><em>\u201cGreat!! Incredible amount of information. It was a pleasure.\u201d<\/em><\/div>\r\n<p style=\"text-align: center;\">Anna-Maria Bisciglia, <br>Secretary, <br>TOWN OF ROSEMERE<\/p>\r\n<\/div>\r\n<\/div>\r\n<\/div>\r\n<\/div>\r\n<div class=\"col-md-4 col-sm-4 col-xs-12 col-lg-4\">\r\n<div class=\"row\" style=\"padding-top: 25px; padding-bottom: 15px;\">\r\n<div class=\"col-md-12 col-sm-12 col-xs-12 col-lg-12\">\r\n<div><br>\r\n<div>\r\n<div style=\"padding: 1em 1em 4em 1em;\" class=\"color2-background-color color-2-text-contrast bg-background-color bg-box bg-box-square bg-box-shadow-bottom-left\">\r\n<p style=\"text-align: center;\"><em>\u201cExcellent workshop. Covers a lot of material.&nbsp; I believe my work will be made easier thanks to it.\u201d<\/em><\/p>\r\n<\/div>\r\n<p style=\"text-align: center;\">Denise Letendre, <br>Secretary, <br>VILLE DE PIERREFONDS<\/p>\r\n<\/div>\r\n<\/div>\r\n<\/div>\r\n<\/div>\r\n<\/div>\r\n<\/div>\r\n<\/div>\r\n<\/div>\r\n<div class=\"color3-background-color color-3-text-contrast bg-background-color tmpl-testimonial-9 boldgrid-section dynamic-gridblock\">\r\n<div class=\"container\">\r\n<div class=\"row\" style=\"padding-bottom: 0px;\">\r\n<div class=\"col-md-4 col-sm-4 col-xs-12 col-lg-4\">\r\n<div class=\"row\" style=\"padding-top: 25px; padding-bottom: 15px;\">\r\n<div class=\"col-md-12 col-sm-12 col-xs-12 col-lg-12\">\r\n<div><br>\r\n<div>\r\n<div style=\"padding: 1em 1em 4em 1em;\" class=\"color2-background-color color-2-text-contrast bg-background-color bg-box bg-box-square bg-box-shadow-bottom-left\">\r\n<p class=\"\" style=\"text-align: center;\"><em>\u00abLe cours est tr\u00e8s bien construit et donne le go\u00fbt d\u2019en apprendre&nbsp; davantage. Professeur tr\u00e8s comp\u00e9tent\u00bb<\/em><\/p>\r\n<\/div>\r\n<p style=\"text-align: center;\">Sylvie Dumont, <br>Adjointe au marketing, <br>RH\u00d4NE MERIEUX<\/p>\r\n<\/div>\r\n<\/div>\r\n<\/div>\r\n<\/div>\r\n<\/div>\r\n<div class=\"col-md-4 col-sm-4 col-xs-12 col-lg-4\">\r\n<div class=\"row\" style=\"padding-top: 25px; padding-bottom: 15px;\">\r\n<div class=\"col-md-12 col-sm-12 col-xs-12 col-lg-12\">\r\n<div>\r\n<div><\/div>\r\n<div style=\"padding: 1em 1em 4em; text-align: center;\" class=\"color2-background-color color-2-text-contrast bg-background-color bg-box bg-box-square bg-box-shadow-bottom-left\"><em>\u201cI highly recommend it.\u201d<\/em><\/div>\r\n<p style=\"text-align: center;\">Mich\u00e8le Marleau, <br>Translator\/Secretary, <br>RECOCHEM<\/p>\r\n<\/div>\r\n<\/div>\r\n<\/div>\r\n<\/div>\r\n<div class=\"col-md-4 col-sm-4 col-xs-12 col-lg-4\">\r\n<div class=\"row\" style=\"padding-top: 25px; padding-bottom: 15px;\">\r\n<div class=\"col-md-12 col-sm-12 col-xs-12 col-lg-12\">\r\n<div style=\"text-align: center;\"><br>\r\n<div>\r\n<div style=\"padding: 1em 1em 4em 1em;\" class=\"color2-background-color color-2-text-contrast bg-background-color bg-box bg-box-square bg-box-shadow-bottom-left\">\r\n<p><em>\u00abTr\u00e8s int\u00e9ressant. Cet atelier donne une bonne base et des trucs \u00e0 utiliser pour une bonne traduction\u00bb<\/em><\/p>\r\n<\/div>\r\n<p style=\"text-align: center;\">Carole Desrochers, <br>Secr\u00e9taire, <br>GROUPE CANTREX<\/p>\r\n<\/div>\r\n<\/div>\r\n<\/div>\r\n<\/div>\r\n<\/div>\r\n<\/div>\r\n<\/div>\r\n<\/div>\r\n<div class=\"color3-background-color color-3-text-contrast bg-background-color tmpl-testimonial-9 boldgrid-section dynamic-gridblock\">\r\n<div class=\"container\">\r\n<div class=\"row\" style=\"padding-bottom: 0px;\">\r\n<div class=\"col-md-4 col-sm-4 col-xs-12 col-lg-4\">\r\n<div class=\"row\" style=\"padding-top: 25px; padding-bottom: 15px;\">\r\n<div class=\"col-md-12 col-sm-12 col-xs-12 col-lg-12\">\r\n<div><br>\r\n<div>\r\n<div style=\"padding: 1em 1em 4em 1em;\" class=\"color2-background-color color-2-text-contrast bg-background-color bg-box bg-box-square bg-box-shadow-bottom-left\">\r\n<p class=\"\" style=\"text-align: center;\"><em>\u201cVery well done: Direct and specific with lots of opportunity for practical exercises.\u201d<\/em><\/p>\r\n<\/div>\r\n<p style=\"text-align: center;\">Joanne Casey, <br>Accounting Clerk, <br>VILLE DE BAIE D\u2019URF\u00c9<\/p>\r\n<\/div>\r\n<\/div>\r\n<\/div>\r\n<\/div>\r\n<\/div>\r\n<div class=\"col-md-4 col-sm-4 col-xs-12 col-lg-4\">\r\n<div class=\"row\" style=\"padding-top: 25px; padding-bottom: 15px;\">\r\n<div class=\"col-md-12 col-sm-12 col-xs-12 col-lg-12\">\r\n<div>\r\n<div><\/div>\r\n<div style=\"padding: 1em 1em 4em; text-align: center;\" class=\"color2-background-color color-2-text-contrast bg-background-color bg-box bg-box-square bg-box-shadow-bottom-left\"><em>\u00abTr\u00e8s enrichissant au niveau des connaissances acquises qui me permettront d\u2019am\u00e9liorer mes t\u00e2ches journali\u00e8res\u00bb<\/em><\/div>\r\n<p style=\"text-align: center;\">Manon Paradis, <br>Secr\u00e9taire de direction, <br>AU COIN DES PETITS<\/p>\r\n<\/div>\r\n<\/div>\r\n<\/div>\r\n<\/div>\r\n<div class=\"col-md-4 col-sm-4 col-xs-12 col-lg-4\">\r\n<div class=\"row\" style=\"padding-top: 25px; padding-bottom: 15px;\">\r\n<div class=\"col-md-12 col-sm-12 col-xs-12 col-lg-12\">\r\n<div><br>\r\n<div>\r\n<div style=\"padding: 1em 1em 4em 1em;\" class=\"color2-background-color color-2-text-contrast bg-background-color bg-box bg-box-square bg-box-shadow-bottom-left\">\r\n<p style=\"text-align: center;\"><em>\u00abJ\u2019ai beaucoup appris.&nbsp; Plusieurs id\u00e9es pour am\u00e9liorer ma traduction.&nbsp; F\u00e9licitations!\u00bb<\/em><\/p>\r\n<\/div>\r\n<p style=\"text-align: center;\">Johanne Crook, <br>Secr\u00e9taire de direction, <br>INSTITUT UNIV. DE G\u00c9RIATRIE, SHERBROOKE<\/p>\r\n<\/div>\r\n<\/div>\r\n<\/div>\r\n<\/div>\r\n<\/div>\r\n<\/div>\r\n<\/div>\r\n<\/div>\r\n<div class=\"color3-background-color color-3-text-contrast bg-background-color tmpl-testimonial-9 boldgrid-section dynamic-gridblock\">\r\n<div class=\"container\"><\/div>\r\n<\/div>\r\n\r\n\r\n\r\n\r\n\r\n\r\n\r\n\r\n\r\n\r\n\r\n\r\n\r\n\r\n\r\n\r\n\r\n\r\n\r\n\r\n\r\n\r\n\r\n\r\n\r\n<div class=\"boldgrid-section\">\r\n<div class=\"container\">\r\n<div class=\"row\">\r\n<div class=\"col-lg-12 col-md-12 col-xs-12 col-sm-12\">\r\n<p class=\"\">&nbsp;<\/p>\r\n<\/div>\r\n<\/div>\r\n<\/div>\r\n<\/div>\r\n<div class=\"boldgrid-section\">\r\n<div class=\"container\">\r\n<div class=\"row\">\r\n<div class=\"col-lg-12 col-md-12 col-xs-12 col-sm-12\">\r\n<p class=\"\" style=\"text-align: center;\"><a class=\"btn btn-longshadow btn-small-caps btn-pill btn-color-3\" style=\"font-size: 22px; color: #000000;\" href=\"https:\/\/form.jotform.com\/251016629415251\">S'INSCRIRE \u00c0 UN ATELIER<\/a><\/p>\r\n<\/div>\r\n<\/div>\r\n<\/div>\r\n<\/div>\r\n<div class=\"boldgrid-section\">\r\n<div class=\"container\">\r\n<div class=\"row\">\r\n<div class=\"col-lg-2 col-md-12 col-sm-12 col-xs-12\"><\/div>\r\n<div class=\"col-lg-9 col-md-12 col-xs-12 col-sm-12\">\r\n<div class=\"boldgrid-section\">\r\n<div class=\"container\">\r\n<div class=\"row bg-editor-hr-wrap\">\r\n<div class=\"col-lg-12 col-md-12 col-xs-12 col-sm-12\">\r\n<div>\r\n<div class=\"row bg-editor-hr-wrap\">\r\n<div class=\"col-lg-12 col-md-12 col-xs-12 col-sm-12\">\r\n<div>\r\n<div class=\"boldgrid-section\">\r\n<div class=\"container\">\r\n<div class=\"row\">\r\n<div class=\"col-lg-12 col-md-12 col-xs-12 col-sm-12\">\r\n<div>\r\n<h3 class=\"\" style=\"text-align: center;\"><strong>D\u00e9couvrez tout sur nos ateliers<\/strong><\/h3>\r\n<\/div>\r\n<\/div>\r\n<\/div>\r\n<\/div>\r\n<\/div>\r\n<div class=\"boldgrid-section\">\r\n<div class=\"container\">\r\n<div class=\"row\">\r\n<div class=\"col-lg-12 col-md-12 col-xs-12 col-sm-12\">\r\n<p class=\"\" style=\"text-align: center;\"><a href=\"https:\/\/traducation.com\/fr\/overview-of-our-workshops\/?trp-edit-translation=preview\" target=\"_self\" data-trp-original-href=\"https:\/\/traducation.com\/en\/overview-of-our-workshops\/\">Survol de nos ateliers<\/a><\/p>\r\n<\/div>\r\n<\/div>\r\n<div class=\"row\">\r\n<div class=\"col-lg-12 col-md-12 col-xs-12 col-sm-12\">\r\n<div>\r\n<div class=\"boldgrid-section\">\r\n<div class=\"container\">\r\n<div class=\"row\">\r\n<div class=\"col-sm-6 col-xs-12 col-md-6 col-lg-6\">\r\n<div>\r\n<div class=\"row\">\r\n<div class=\"col-sm-2 col-xs-12 col-md-2 col-lg-2\">\r\n<div class=\"text-center\"><i class=\"fa fa-2x fa-bookmark-o\"><\/i><\/div>\r\n<\/div>\r\n<div class=\"col-sm-10 col-xs-12 col-md-10 col-lg-10\">\r\n<div class=\"heading\"><a href=\"https:\/\/traducation.com\/fr\/public-workshops\/?trp-edit-translation=preview\" target=\"_self\" data-trp-original-href=\"https:\/\/traducation.com\/en\/public-workshops\/\">En pr\u00e9sentiel, virtuel ou \u00e0 la demande<\/a><\/div>\r\n<\/div>\r\n<\/div>\r\n<\/div>\r\n<\/div>\r\n<div class=\"col-sm-6 col-xs-12 col-md-6 col-lg-6\">\r\n<div>\r\n<div class=\"row\">\r\n<div class=\"col-sm-2 col-xs-12 col-md-2 col-lg-2\">\r\n<div class=\"text-center\"><i class=\"fa fa-2x fa-pencil-square-o\"><\/i><\/div>\r\n<\/div>\r\n<div class=\"col-sm-10 col-xs-12 col-md-10 col-lg-10\">\r\n<div class=\"heading\"><a href=\"https:\/\/traducation.com\/fr\/english-composition-workshop\/?trp-edit-translation=preview\" target=\"_self\" data-trp-original-href=\"https:\/\/traducation.com\/en\/english-composition-workshop\/\">English Composition Workshop<\/a><\/div>\r\n<\/div>\r\n<\/div>\r\n<\/div>\r\n<\/div>\r\n<\/div>\r\n<\/div>\r\n<\/div>\r\n<div class=\"boldgrid-section\">\r\n<div class=\"container\">\r\n<div class=\"row\">\r\n<div class=\"col-sm-6 col-xs-12 col-md-6 col-lg-6\">\r\n<div>\r\n<div class=\"row\">\r\n<div class=\"col-sm-2 col-xs-12 col-md-2 col-lg-2\">\r\n<div class=\"text-center\"><i class=\"fa fa-2x fa-bar-chart\"><\/i><\/div>\r\n<\/div>\r\n<div class=\"col-sm-10 col-xs-12 col-md-10 col-lg-10\">\r\n<div class=\"heading\"><a href=\"https:\/\/traducation.com\/fr\/in-house-workshops\/?trp-edit-translation=preview\" target=\"_self\" data-trp-original-href=\"https:\/\/traducation.com\/en\/in-house-workshops\/\">Ateliers en entreprise<\/a><\/div>\r\n<\/div>\r\n<\/div>\r\n<\/div>\r\n<\/div>\r\n<div class=\"col-sm-6 col-xs-12 col-md-6 col-lg-6\">\r\n<div>\r\n<div class=\"row\">\r\n<div class=\"col-sm-2 col-xs-12 col-md-2 col-lg-2\">\r\n<div class=\"text-center\"><i class=\"fa fa-2x fa-building-o\"><\/i><\/div>\r\n<\/div>\r\n<div class=\"col-sm-10 col-xs-12 col-md-10 col-lg-10\">\r\n<div class=\"heading\"><a href=\"https:\/\/traducation.com\/fr\/atelier-de-perfectionnement-en-francais\/?trp-edit-translation=preview\" target=\"_self\" data-trp-original-href=\"https:\/\/traducation.com\/en\/atelier-de-perfectionnement-en-francais\/\">Atelier de perfectionnement en fran\u00e7ais<\/a><\/div>\r\n<\/div>\r\n<\/div>\r\n<\/div>\r\n<\/div>\r\n<\/div>\r\n<\/div>\r\n<\/div>\r\n<div class=\"boldgrid-section\">\r\n<div class=\"container\">\r\n<div class=\"row\">\r\n<div class=\"col-sm-6 col-xs-12 col-md-6 col-lg-6\">\r\n<div>\r\n<div class=\"row\">\r\n<div class=\"col-sm-2 col-xs-12 col-md-2 col-lg-2\">\r\n<div class=\"text-center\"><i class=\"fa fa-2x fa-cogs\"><\/i><\/div>\r\n<\/div>\r\n<div class=\"col-sm-10 col-xs-12 col-md-10 col-lg-10\">\r\n<div class=\"heading\"><a href=\"https:\/\/traducation.com\/fr\/translation-workshop\/?trp-edit-translation=preview\" target=\"_self\" data-trp-original-href=\"https:\/\/traducation.com\/en\/translation-workshop\/\">Atelier de traduction<\/a><\/div>\r\n<\/div>\r\n<\/div>\r\n<\/div>\r\n<\/div>\r\n<div class=\"col-sm-6 col-xs-12 col-md-6 col-lg-6\">\r\n<div>\r\n<div class=\"row\">\r\n<div class=\"col-sm-2 col-xs-12 col-md-2 col-lg-2\">\r\n<div class=\"text-center\"><i class=\"fa fa-2x fa-newspaper-o\"><\/i><\/div>\r\n<\/div>\r\n<div class=\"col-sm-10 col-xs-12 col-md-10 col-lg-10\">\r\n<div class=\"heading\"><a href=\"https:\/\/traducation.com\/fr\/advanced-translation-workshop\/?trp-edit-translation=preview\" target=\"_self\" data-trp-original-href=\"https:\/\/traducation.com\/en\/advanced-translation-workshop\/\">Atelier de traduction avanc\u00e9e<\/a><\/div>\r\n<\/div>\r\n<\/div>\r\n<\/div>\r\n<\/div>\r\n<\/div>\r\n<\/div>\r\n<\/div>\r\n<\/div>\r\n<\/div>\r\n<\/div>\r\n<\/div>\r\n<\/div>\r\n<\/div>\r\n<\/div>\r\n<\/div>\r\n<\/div>\r\n<\/div>\r\n<\/div>\r\n<\/div>\r\n<\/div>\r\n<div class=\"boldgrid-section\">\r\n<div class=\"container\">\r\n<div class=\"row\">\r\n<div class=\"col-lg-12 col-md-12 col-xs-12 col-sm-12\">\r\n<div class=\"boldgrid-section\">\r\n<div class=\"container\">\r\n<div class=\"row\">\r\n<div class=\"col-sm-6 col-xs-12 col-md-6 col-lg-6\">\r\n<div>\r\n<div class=\"row\">\r\n<div class=\"col-sm-10 col-xs-12 col-md-10 col-lg-10\"><\/div>\r\n<\/div>\r\n<\/div>\r\n<\/div>\r\n<\/div>\r\n<\/div>\r\n<\/div>\r\n<\/div>\r\n<\/div>\r\n<\/div>\r\n<\/div>\r\n<\/div>\r\n<div class=\"col-lg-1 col-md-12 col-sm-12 col-xs-12\"><\/div>\r\n<\/div>\r\n<\/div>\r\n<\/div>","protected":false},"excerpt":{"rendered":"<p>Here&#8217;s what participants think of our workshops: \u00abTr\u00e8s, tr\u00e8s bon\u00bb. Manon Legault, Adjointe administrative, VILLE DE PIERREFONDS \u201cThis is not the first workshop I have attended but it is the first one where I feel&nbsp;I\u2019ll apply what I have learned in my daily tasks.\u201d Martine Guertin, Secretary, GROUPE TEKNIKA, Granby \u201cIt was one of the [&hellip;]<\/p>","protected":false},"author":1,"featured_media":0,"parent":0,"menu_order":0,"comment_status":"closed","ping_status":"closed","template":"","meta":{"bgseo_title":"","bgseo_description":"","bgseo_robots_index":"index","bgseo_robots_follow":"follow","footnotes":""},"class_list":["post-876","page","type-page","status-publish"],"_links":{"self":[{"href":"https:\/\/traducation.com\/fr\/wp-json\/wp\/v2\/pages\/876","targetHints":{"allow":["GET"]}}],"collection":[{"href":"https:\/\/traducation.com\/fr\/wp-json\/wp\/v2\/pages"}],"about":[{"href":"https:\/\/traducation.com\/fr\/wp-json\/wp\/v2\/types\/page"}],"author":[{"embeddable":true,"href":"https:\/\/traducation.com\/fr\/wp-json\/wp\/v2\/users\/1"}],"replies":[{"embeddable":true,"href":"https:\/\/traducation.com\/fr\/wp-json\/wp\/v2\/comments?post=876"}],"version-history":[{"count":21,"href":"https:\/\/traducation.com\/fr\/wp-json\/wp\/v2\/pages\/876\/revisions"}],"predecessor-version":[{"id":1359,"href":"https:\/\/traducation.com\/fr\/wp-json\/wp\/v2\/pages\/876\/revisions\/1359"}],"wp:attachment":[{"href":"https:\/\/traducation.com\/fr\/wp-json\/wp\/v2\/media?parent=876"}],"curies":[{"name":"wp","href":"https:\/\/api.w.org\/{rel}","templated":true}]}}