{"id":880,"date":"2024-07-04T18:03:41","date_gmt":"2024-07-04T22:03:41","guid":{"rendered":"https:\/\/traducation.com\/?page_id=880"},"modified":"2025-04-23T17:52:38","modified_gmt":"2025-04-23T21:52:38","slug":"clients","status":"publish","type":"page","link":"https:\/\/traducation.com\/fr\/clients\/","title":{"rendered":"Liste de clients"},"content":{"rendered":"<figure class=\"wp-block-table\"><\/figure>\r\n\r\n\r\n\r\n\r\n\r\n<div class=\"color2-background-color color-2-text-contrast bg-background-color tmpl-text-12 boldgrid-section dynamic-gridblock\">\r\n<div class=\"container\">\r\n<div>\r\n<div>\r\n<p class=\"\">Hundreds of satisfied clients including :<\/p>\r\n<\/div>\r\n<\/div>\r\n<div class=\"row\" style=\"padding-top: 20px;\">\r\n<div class=\"col-md-4 col-sm-4 col-xs-12 fadeInUp col-lg-4\">\r\n<div style=\"height: 100%; padding: 2em;\" class=\"color1-background-color color-1-text-contrast bg-background-color bg-box\">\r\n<p class=\"\">ABN AMRO BANK<br>AIR TRANSAT<br>ALLIED SIGNAL<br>ALUMINERIE ALOUETTE<br>A.M.F. INDUSTRIES<br>AMERICAN EXPRESS CANADA<br>BANK OF MONTREAL<br>BELTRON<br>BEST FOODS CANADA<br>BIOCHEM TH\u00c9RAPEUTIQUE<br>BOURSE DE MONTR\u00c9AL<br>CAMOPLAST<br>C\u00c9GEP DE TROIS RIVI\u00c8RES<br>CENTRE DE TECHNOLOGIE NORANDA<br>CLAREMONT<br>CR\u00c9ATIONS JOSEPH RIBKOFF<br>DOMTAR<br>EMBALLAGES CASCADES<br>FAUCHER INDUSTRIES<br>GOODYEAR CANADA INC.<br>GUESS JEANS<br>HYDE HOUGHTON<br>IMPRIMERIE INTERWEB<br>KODAK CANADA INC.<br>KRAFT FOODS<br>LAFARGE CANADA.<\/p>\r\n<\/div>\r\n<\/div>\r\n<div class=\"col-md-4 col-sm-4 col-xs-12 fadeInUp col-lg-4\">\r\n<div style=\"height: 100%; padding: 2em;\" class=\"color1-background-color color-1-text-contrast bg-background-color bg-box\">\r\n<table>\r\n<tbody>\r\n<tr>\r\n<td>\r\n<p class=\"\">MAPLE LEAF MILLS<br>MARUSA MARKETING<br>McMILLAN BATHURST<br>MICROCELL LABS<br>MINIST\u00c8RE DES TRANSPORTS<br>MOULINS MAPLE LEAF<br>MSAS CARGO INTERNATIONAL<br>PARCS CANADA<br>PETROCHIMIE COASTAL<br>P\u00c9TROLI\u00c8RE IMP\u00c9RIALE<br>PHARMASCIENCE<br>PISCINES VOGUE<br>PLACE BONAVENTURE<br>PROVIGO DISTR.&nbsp; INC.<br>READER\u2019S DIGEST<br>RECKITT &amp; COLMAN<br>RECOCHEM<br>RH\u00d4NE MERIEUX CANADA<br>RH\u00d4NE POULENC RORER CAN.<br>ROSS ELLIS PRINTING<br>ROY NAT INC.<br>SAMSON B\u00c9LAIRE DELOITTE &amp; TOUCHE<br>SEDGWICK LT\u00c9E<br>SERVROTECH<\/p>\r\n<\/td>\r\n<\/tr>\r\n<\/tbody>\r\n<\/table>\r\n<\/div>\r\n<\/div>\r\n<div class=\"col-md-4 col-sm-4 col-xs-12 fadeInUp col-lg-4\">\r\n<div style=\"height: 100%; padding: 2em;\" class=\"color1-background-color color-1-text-contrast bg-background-color bg-box\">\r\n<table style=\"height: 474px;\">\r\n<tbody>\r\n<tr style=\"height: 474px;\">\r\n<td style=\"height: 474px; width: 303px;\">\r\n<p class=\"\">SOCI\u00c9T\u00c9 NATIONALE D\u2019ASSURANCE<br>SOCI\u00c9T\u00c9 RADIO CANADA<br>SPECTRA PREMIUM INDUSTRIES<br>STABLEX CANADA<br>STARTECH CANADA INC.<br>SYNERGIE INFORMATIQUE<br>TECHNITROL ECO<br>T\u00c9L\u00c9BEC MOBILIT\u00c9<br>TELESAT CANADA<br>THE CANADIAN EGG MARKETING AGENCY<br>THE GAZETTE<br>TOON BOOM TECHNOLOGIES<br>TYE-SIL CORPORATION<br>UNION DE BANQUES SUISSES<br>UNIVERSIT\u00c9 DE SHERBROOKE<br>VILLE DE BEACONSFIELD<br>VILLE DE PIERREFONDS<br>VILLE DE ROSEMERE<br>WECO INC.<br>WENDYS<br>WILLER ENGINEERING<br>XEROX CANADA INC.<\/p>\r\n<\/td>\r\n<\/tr>\r\n<\/tbody>\r\n<\/table>\r\n<\/div>\r\n<\/div>\r\n<\/div>\r\n<\/div>\r\n<\/div>\r\n<div class=\"boldgrid-section\">\r\n<div class=\"container\">\r\n<div class=\"row\">\r\n<div class=\"col-lg-2 col-md-12 col-sm-12 col-xs-12\"><\/div>\r\n<div class=\"col-lg-8 col-md-12 col-xs-12 col-sm-12\">\r\n<div class=\"boldgrid-section\">\r\n<div class=\"container\">\r\n<div class=\"row\">\r\n<div class=\"col-lg-12 col-md-12 col-xs-12 col-sm-12\">\r\n<p>&nbsp;<\/p>\r\n<\/div>\r\n<\/div>\r\n<\/div>\r\n<\/div>\r\n\r\n<div class=\"boldgrid-section\">\r\n<div class=\"container\">\r\n<div class=\"row\">\r\n<div class=\"col-lg-12 col-md-12 col-xs-12 col-sm-12\">\r\n<div style=\"text-align: center;\">\r\n<p class=\"\"><a class=\"btn btn-longshadow btn-small-caps btn-pill btn-color-3\" style=\"font-size: 22px; color: #000000;\" href=\"https:\/\/form.jotform.com\/251016629415251\">S'INSCRIRE \u00c0 UN ATELIER<\/a><\/p>\r\n<\/div>\r\n<\/div>\r\n<\/div>\r\n<\/div>\r\n<\/div>\r\n<div>\r\n<div>\r\n<div>\r\n<div style=\"text-align: center;\">\r\n<div class=\"boldgrid-section\">\r\n<div class=\"container\">\r\n<div class=\"row bg-editor-hr-wrap\">\r\n<div class=\"col-lg-12 col-md-12 col-xs-12 col-sm-12\">\r\n<div>\r\n<div class=\"row bg-editor-hr-wrap\">\r\n<div class=\"col-lg-12 col-md-12 col-xs-12 col-sm-12\">\r\n<div>\r\n<div class=\"boldgrid-section\">\r\n<div class=\"container\">\r\n<div class=\"row\">\r\n<div class=\"col-lg-12 col-md-12 col-xs-12 col-sm-12\">\r\n<div>\r\n<h3 class=\"\" style=\"text-align: center;\"><strong>D\u00e9couvrez tout sur nos ateliers<\/strong><\/h3>\r\n<\/div>\r\n<\/div>\r\n<\/div>\r\n<\/div>\r\n<\/div>\r\n<div class=\"boldgrid-section\">\r\n<div class=\"container\">\r\n<div class=\"row\">\r\n<div class=\"col-lg-12 col-md-12 col-xs-12 col-sm-12\">\r\n<p class=\"\" style=\"text-align: center;\"><a href=\"https:\/\/traducation.com\/fr\/overview-of-our-workshops\/?trp-edit-translation=preview\" target=\"_self\" data-trp-original-href=\"https:\/\/traducation.com\/en\/overview-of-our-workshops\/\">Survol de nos ateliers<\/a><\/p>\r\n<\/div>\r\n<\/div>\r\n<div class=\"row\">\r\n<div class=\"col-lg-12 col-md-12 col-xs-12 col-sm-12\">\r\n<div>\r\n<div class=\"boldgrid-section\">\r\n<div class=\"container\">\r\n<div class=\"row\">\r\n<div class=\"col-sm-6 col-xs-12 col-md-6 col-lg-6\">\r\n<div>\r\n<div class=\"row\">\r\n<div class=\"col-sm-2 col-xs-12 col-md-2 col-lg-2\">\r\n<div class=\"text-center\" style=\"text-align: left;\"><i class=\"fa fa-2x fa-bookmark-o\"><\/i><\/div>\r\n<\/div>\r\n<div class=\"col-sm-10 col-xs-12 col-md-10 col-lg-10\" style=\"text-align: left;\">\r\n<div class=\"heading\"><a href=\"https:\/\/traducation.com\/fr\/public-workshops\/?trp-edit-translation=preview\" target=\"_self\" data-trp-original-href=\"https:\/\/traducation.com\/en\/public-workshops\/\">En pr\u00e9sentiel, virtuel ou \u00e0 la demande<\/a><\/div>\r\n<\/div>\r\n<\/div>\r\n<\/div>\r\n<\/div>\r\n<div class=\"col-sm-6 col-xs-12 col-md-6 col-lg-6\" style=\"text-align: left;\">\r\n<div>\r\n<div class=\"row\">\r\n<div class=\"col-sm-2 col-xs-12 col-md-2 col-lg-2\">\r\n<div class=\"text-center\"><i class=\"fa fa-2x fa-pencil-square-o\"><\/i><\/div>\r\n<\/div>\r\n<div class=\"col-sm-10 col-xs-12 col-md-10 col-lg-10\">\r\n<div class=\"heading\"><a href=\"https:\/\/traducation.com\/fr\/english-composition-workshop\/?trp-edit-translation=preview\" target=\"_self\" data-trp-original-href=\"https:\/\/traducation.com\/en\/english-composition-workshop\/\">English Composition Workshop<\/a><\/div>\r\n<\/div>\r\n<\/div>\r\n<\/div>\r\n<\/div>\r\n<\/div>\r\n<\/div>\r\n<\/div>\r\n<div class=\"boldgrid-section\" style=\"text-align: left;\">\r\n<div class=\"container\">\r\n<div class=\"row\">\r\n<div class=\"col-sm-6 col-xs-12 col-md-6 col-lg-6\">\r\n<div>\r\n<div class=\"row\">\r\n<div class=\"col-sm-2 col-xs-12 col-md-2 col-lg-2\">\r\n<div class=\"text-center\"><i class=\"fa fa-2x fa-bar-chart\"><\/i><\/div>\r\n<\/div>\r\n<div class=\"col-sm-10 col-xs-12 col-md-10 col-lg-10\">\r\n<div class=\"heading\"><a href=\"https:\/\/traducation.com\/fr\/in-house-workshops\/?trp-edit-translation=preview\" target=\"_self\" data-trp-original-href=\"https:\/\/traducation.com\/en\/in-house-workshops\/\">Ateliers en entreprise<\/a><\/div>\r\n<\/div>\r\n<\/div>\r\n<\/div>\r\n<\/div>\r\n<div class=\"col-sm-6 col-xs-12 col-md-6 col-lg-6\">\r\n<div>\r\n<div class=\"row\">\r\n<div class=\"col-sm-2 col-xs-12 col-md-2 col-lg-2\">\r\n<div class=\"text-center\"><i class=\"fa fa-2x fa-building-o\"><\/i><\/div>\r\n<\/div>\r\n<div class=\"col-sm-10 col-xs-12 col-md-10 col-lg-10\">\r\n<div class=\"heading\"><a href=\"https:\/\/traducation.com\/fr\/atelier-de-perfectionnement-en-francais\/?trp-edit-translation=preview\" target=\"_self\" data-trp-original-href=\"https:\/\/traducation.com\/en\/atelier-de-perfectionnement-en-francais\/\">Atelier de perfectionnement en fran\u00e7ais<\/a><\/div>\r\n<\/div>\r\n<\/div>\r\n<\/div>\r\n<\/div>\r\n<\/div>\r\n<\/div>\r\n<\/div>\r\n<div class=\"boldgrid-section\">\r\n<div class=\"container\">\r\n<div class=\"row\">\r\n<div class=\"col-sm-6 col-xs-12 col-md-6 col-lg-6\" style=\"text-align: left;\">\r\n<div>\r\n<div class=\"row\">\r\n<div class=\"col-sm-2 col-xs-12 col-md-2 col-lg-2\">\r\n<div class=\"text-center\"><i class=\"fa fa-2x fa-cogs\"><\/i><\/div>\r\n<\/div>\r\n<div class=\"col-sm-10 col-xs-12 col-md-10 col-lg-10\">\r\n<div class=\"heading\"><a href=\"https:\/\/traducation.com\/fr\/translation-workshop\/?trp-edit-translation=preview\" target=\"_self\" data-trp-original-href=\"https:\/\/traducation.com\/en\/translation-workshop\/\">Atelier de traduction<\/a><\/div>\r\n<\/div>\r\n<\/div>\r\n<\/div>\r\n<\/div>\r\n<div class=\"col-sm-6 col-xs-12 col-md-6 col-lg-6\">\r\n<div>\r\n<div class=\"row\">\r\n<div class=\"col-sm-2 col-xs-12 col-md-2 col-lg-2\" style=\"text-align: left;\">\r\n<div class=\"text-center\"><i class=\"fa fa-2x fa-newspaper-o\"><\/i><\/div>\r\n<\/div>\r\n<div class=\"col-sm-10 col-xs-12 col-md-10 col-lg-10\">\r\n<div class=\"heading\" style=\"text-align: left;\"><a href=\"https:\/\/traducation.com\/fr\/advanced-translation-workshop\/?trp-edit-translation=preview\" target=\"_self\" data-trp-original-href=\"https:\/\/traducation.com\/en\/advanced-translation-workshop\/\">Atelier de traduction avanc\u00e9e<\/a><\/div>\r\n<\/div>\r\n<\/div>\r\n<\/div>\r\n<\/div>\r\n<\/div>\r\n<\/div>\r\n<\/div>\r\n<\/div>\r\n<\/div>\r\n<\/div>\r\n<\/div>\r\n<\/div>\r\n<\/div>\r\n<\/div>\r\n<\/div>\r\n<\/div>\r\n<\/div>\r\n<\/div>\r\n<\/div>\r\n<\/div>\r\n<div class=\"boldgrid-section\">\r\n<div class=\"container\">\r\n<div class=\"row\">\r\n<div class=\"col-lg-12 col-md-12 col-xs-12 col-sm-12\">\r\n<div class=\"boldgrid-section\">\r\n<div class=\"container\">\r\n<div class=\"row\">\r\n<div class=\"col-sm-6 col-xs-12 col-md-6 col-lg-6\">\r\n<div>\r\n<div class=\"row\">\r\n<div class=\"col-sm-10 col-xs-12 col-md-10 col-lg-10\"><\/div>\r\n<\/div>\r\n<\/div>\r\n<\/div>\r\n<\/div>\r\n<\/div>\r\n<\/div>\r\n<\/div>\r\n<\/div>\r\n<\/div>\r\n<\/div>\r\n<\/div>\r\n<\/div>\r\n<\/div>\r\n<\/div>\r\n<\/div>\r\n<div class=\"col-lg-2 col-md-12 col-sm-12 col-xs-12\"><\/div>\r\n<\/div>\r\n<\/div>\r\n<\/div>","protected":false},"excerpt":{"rendered":"<p>Hundreds of satisfied clients including : ABN AMRO BANKAIR TRANSATALLIED SIGNALALUMINERIE ALOUETTEA.M.F. INDUSTRIESAMERICAN EXPRESS CANADABANK OF MONTREALBELTRONBEST FOODS CANADABIOCHEM TH\u00c9RAPEUTIQUEBOURSE DE MONTR\u00c9ALCAMOPLASTC\u00c9GEP DE TROIS RIVI\u00c8RESCENTRE DE TECHNOLOGIE NORANDACLAREMONTCR\u00c9ATIONS JOSEPH RIBKOFFDOMTAREMBALLAGES CASCADESFAUCHER INDUSTRIESGOODYEAR CANADA INC.GUESS JEANSHYDE HOUGHTONIMPRIMERIE INTERWEBKODAK CANADA INC.KRAFT FOODSLAFARGE CANADA. MAPLE LEAF MILLSMARUSA MARKETINGMcMILLAN BATHURSTMICROCELL LABSMINIST\u00c8RE DES TRANSPORTSMOULINS MAPLE LEAFMSAS CARGO INTERNATIONALPARCS CANADAPETROCHIMIE COASTALP\u00c9TROLI\u00c8RE [&hellip;]<\/p>","protected":false},"author":1,"featured_media":0,"parent":0,"menu_order":0,"comment_status":"closed","ping_status":"closed","template":"","meta":{"bgseo_title":"","bgseo_description":"","bgseo_robots_index":"index","bgseo_robots_follow":"follow","footnotes":""},"class_list":["post-880","page","type-page","status-publish"],"_links":{"self":[{"href":"https:\/\/traducation.com\/fr\/wp-json\/wp\/v2\/pages\/880","targetHints":{"allow":["GET"]}}],"collection":[{"href":"https:\/\/traducation.com\/fr\/wp-json\/wp\/v2\/pages"}],"about":[{"href":"https:\/\/traducation.com\/fr\/wp-json\/wp\/v2\/types\/page"}],"author":[{"embeddable":true,"href":"https:\/\/traducation.com\/fr\/wp-json\/wp\/v2\/users\/1"}],"replies":[{"embeddable":true,"href":"https:\/\/traducation.com\/fr\/wp-json\/wp\/v2\/comments?post=880"}],"version-history":[{"count":31,"href":"https:\/\/traducation.com\/fr\/wp-json\/wp\/v2\/pages\/880\/revisions"}],"predecessor-version":[{"id":1334,"href":"https:\/\/traducation.com\/fr\/wp-json\/wp\/v2\/pages\/880\/revisions\/1334"}],"wp:attachment":[{"href":"https:\/\/traducation.com\/fr\/wp-json\/wp\/v2\/media?parent=880"}],"curies":[{"name":"wp","href":"https:\/\/api.w.org\/{rel}","templated":true}]}}