{"id":884,"date":"2024-07-04T18:25:56","date_gmt":"2024-07-04T22:25:56","guid":{"rendered":"https:\/\/traducation.com\/?page_id=884"},"modified":"2025-04-23T17:47:31","modified_gmt":"2025-04-23T21:47:31","slug":"advanced-translation-workshop","status":"publish","type":"page","link":"https:\/\/traducation.com\/fr\/advanced-translation-workshop\/","title":{"rendered":"Atelier de traduction avanc\u00e9e"},"content":{"rendered":"<div class=\"boldgrid-section\">\r\n<div class=\"container\">\r\n<div class=\"row\">\r\n<div class=\"col-lg-12 col-md-12 col-xs-12 col-sm-12\">\r\n<p class=\"\">Cet atelier aborde des sujets de traduction plus avanc\u00e9s, en mettant l\u2019accent sur des exercices pratiques. <br>Pr\u00e9requis: Il est destin\u00e9 \u00e0 ceux qui ont d\u00e9j\u00e0 particip\u00e9 au premier atelier de traduction.<\/p>\r\n<\/div>\r\n<\/div>\r\n<\/div>\r\n<\/div>\r\n\r\n\r\n\r\n<div class=\"boldgrid-section\">\r\n<div class=\"container\">\r\n<div class=\"row\">\r\n<div class=\"col-lg-12 col-md-12 col-xs-12 col-sm-12\">\r\n<p class=\"\">&nbsp;<\/p>\r\n<h3 class=\"wp-block-heading\">Plan de l'atelier<\/h3>\r\n<h4><span style=\"text-decoration: underline;\"><strong>JOUR 1<\/strong><\/span><\/h4>\r\n<p class=\"\"><strong>Module 1 :<\/strong> Survol de l\u2019atelier de traduction pour le personnel de bureau<\/p>\r\n<p class=\"\"><strong>Module 2 :<\/strong> <em>Faux amis<\/em><\/p>\r\n<p class=\"\"><strong>Module 3 : <\/strong><em>Anglicismes<\/em><\/p>\r\n<p class=\"\"><strong>Module 4 :<\/strong> Les expressions idiomatiques : comment les d\u00e9celer<\/p>\r\n<p class=\"\"><strong>Module 5 : <\/strong>Les documents techniques : L\u2019approche id\u00e9ale<\/p>\r\n<h4 class=\"\"><span style=\"text-decoration: underline;\"><strong>JOUR  2<\/strong><\/span><\/h4>\r\n<p class=\"\"><strong>Module 6 :<\/strong> Comment r\u00e9soudre les probl\u00e8mes terminologiques<\/p>\r\n<p class=\"\"><strong>Module 7 :<\/strong> L\u2019anglais : \u00c9l\u00e9ments de grammaire avanc\u00e9e<\/p>\r\n<p class=\"\"><strong>Module 8 :<\/strong> Sens propre et sens figur\u00e9<\/p>\r\n<p class=\"\"><strong>Module 9 :<\/strong> Traduction automatique : la belle infid\u00e8le<\/p>\r\n<p class=\"\"><strong>Module 10 : <\/strong>25 trucs pour am\u00e9liorer vos traductions<\/p>\r\n<\/div>\r\n<\/div>\r\n<\/div>\r\n<\/div>\r\n\r\n\r\n\r\n\r\n\r\n\r\n\r\n\r\n\r\n\r\n\r\n\r\n\r\n\r\n\r\n\r\n\r\n\r\n\r\n\r\n\r\n\r\n\r\n\r\n\r\n\r\n\r\n\r\n\r\n<div class=\"boldgrid-section\">\r\n<div class=\"container\">\r\n<div class=\"row bg-editor-hr-wrap\"><\/div>\r\n<\/div>\r\n<\/div>\r\n\r\n\r\n\r\n<div class=\"boldgrid-section\">\r\n<div class=\"container\">\r\n<div class=\"row\">\r\n<div class=\"col-lg-12 col-md-12 col-xs-12 col-sm-12\">\r\n<h3 class=\"wp-block-heading\">Ce que vont apprendre les participants :<\/h3>\r\n<ul class=\"\">\r\n<li>Comment savoir lorsqu\u2019une adaptation s\u2019impose<\/li>\r\n\r\n\r\n\r\n<li>Comment d\u00e9celer <em>faux amis<\/em><\/li>\r\n\r\n\r\n\r\n<li>Comment distinguer le sens propre du sens figur\u00e9<\/li>\r\n\r\n\r\n\r\n<li>Comment d\u00e9celer les expressions idiomatiques<\/li>\r\n\r\n\r\n\r\n<li>Comment v\u00e9rifier la logique interne d\u2019un document<\/li>\r\n\r\n\r\n\r\n<li>Comment choisir entre deux synonymes<\/li>\r\n\r\n\r\n\r\n<li>Comment traduire un document mal r\u00e9dig\u00e9<\/li>\r\n\r\n\r\n\r\n<li>Comment aborder un document technique compliqu\u00e9<\/li>\r\n\r\n\r\n\r\n<li>Comment bien traduire \u00e0 l'aide d'un logiciel de traduction<\/li>\r\n<\/ul>\r\n<p class=\"\">&nbsp;<\/p>\r\n<\/div>\r\n<\/div>\r\n<\/div>\r\n<\/div>\r\n\r\n\r\n\r\n\r\n\r\n<div class=\"boldgrid-section\">\r\n<div class=\"container\">\r\n<div class=\"row\">\r\n<div class=\"col-lg-12 col-md-12 col-xs-12 col-sm-12\">\r\n<p class=\"\">&nbsp;<\/p>\r\n<p class=\"\" style=\"text-align: center;\"><a class=\"btn btn-longshadow btn-small-caps btn-pill btn-color-3\" style=\"font-size: 22px; color: #000000;\" href=\"https:\/\/form.jotform.com\/251016629415251\">S'INSCRIRE \u00c0 UN ATELIER<\/a><\/p>\r\n<br>\r\n<div class=\"boldgrid-section\">\r\n<div class=\"container\">\r\n<div class=\"row bg-editor-hr-wrap\">\r\n<div class=\"col-lg-12 col-md-12 col-xs-12 col-sm-12\">\r\n<div>\r\n<div class=\"row bg-editor-hr-wrap\">\r\n<div class=\"col-lg-12 col-md-12 col-xs-12 col-sm-12\">\r\n<div>\r\n<div class=\"boldgrid-section\">\r\n<div class=\"container\">\r\n<div class=\"row\">\r\n<div class=\"col-lg-12 col-md-12 col-xs-12 col-sm-12\">\r\n<div>\r\n<h3 class=\"\" style=\"text-align: center;\"><strong>D\u00e9couvrez tout sur nos ateliers<\/strong><\/h3>\r\n<\/div>\r\n<\/div>\r\n<\/div>\r\n<\/div>\r\n<\/div>\r\n<div class=\"boldgrid-section\">\r\n<div class=\"container\">\r\n<div class=\"row\">\r\n<div class=\"col-lg-12 col-md-12 col-xs-12 col-sm-12\">\r\n<p class=\"\" style=\"text-align: center;\"><a href=\"https:\/\/traducation.com\/fr\/overview-of-our-workshops\/?trp-edit-translation=preview\" target=\"_self\" data-trp-original-href=\"https:\/\/traducation.com\/en\/overview-of-our-workshops\/\">Survol de nos ateliers<\/a><\/p>\r\n<\/div>\r\n<\/div>\r\n<div class=\"row\">\r\n<div class=\"col-lg-12 col-md-12 col-xs-12 col-sm-12\">\r\n<div class=\"boldgrid-section\">\r\n<div class=\"container\">\r\n<div class=\"row\">\r\n<div class=\"col-sm-6 col-xs-12 col-md-6 col-lg-6\">\r\n<div>\r\n<div class=\"row\">\r\n<div class=\"col-sm-2 col-xs-12 col-md-2 col-lg-2\">\r\n<div class=\"text-center\"><i class=\"fa fa-2x fa-bookmark-o\"><\/i><\/div>\r\n<\/div>\r\n<div class=\"col-sm-10 col-xs-12 col-md-10 col-lg-10\">\r\n<div class=\"heading\"><a href=\"https:\/\/traducation.com\/fr\/public-workshops\/?trp-edit-translation=preview\" target=\"_self\" data-trp-original-href=\"https:\/\/traducation.com\/en\/public-workshops\/\">En pr\u00e9sentiel, virtuel ou \u00e0 la demande<\/a><\/div>\r\n<\/div>\r\n<\/div>\r\n<\/div>\r\n<\/div>\r\n<div class=\"col-sm-6 col-xs-12 col-md-6 col-lg-6\">\r\n<div>\r\n<div class=\"row\">\r\n<div class=\"col-sm-2 col-xs-12 col-md-2 col-lg-2\">\r\n<div class=\"text-center\"><i class=\"fa fa-2x fa-pencil-square-o\"><\/i><\/div>\r\n<\/div>\r\n<div class=\"col-sm-10 col-xs-12 col-md-10 col-lg-10\">\r\n<div class=\"heading\"><a href=\"https:\/\/traducation.com\/fr\/english-composition-workshop\/?trp-edit-translation=preview\" target=\"_self\" data-trp-original-href=\"https:\/\/traducation.com\/en\/english-composition-workshop\/\">English Composition Workshop<\/a><\/div>\r\n<\/div>\r\n<\/div>\r\n<\/div>\r\n<\/div>\r\n<\/div>\r\n<\/div>\r\n<\/div>\r\n<div class=\"boldgrid-section\">\r\n<div class=\"container\">\r\n<div class=\"row\">\r\n<div class=\"col-sm-6 col-xs-12 col-md-6 col-lg-6\">\r\n<div>\r\n<div class=\"row\">\r\n<div class=\"col-sm-2 col-xs-12 col-md-2 col-lg-2\">\r\n<div class=\"text-center\"><i class=\"fa fa-2x fa-bar-chart\"><\/i><\/div>\r\n<\/div>\r\n<div class=\"col-sm-10 col-xs-12 col-md-10 col-lg-10\">\r\n<div class=\"heading\"><a href=\"https:\/\/traducation.com\/fr\/in-house-workshops\/?trp-edit-translation=preview\" target=\"_self\" data-trp-original-href=\"https:\/\/traducation.com\/en\/in-house-workshops\/\">Ateliers en entreprise<\/a><\/div>\r\n<\/div>\r\n<\/div>\r\n<\/div>\r\n<\/div>\r\n<div class=\"col-sm-6 col-xs-12 col-md-6 col-lg-6\">\r\n<div>\r\n<div class=\"row\">\r\n<div class=\"col-sm-2 col-xs-12 col-md-2 col-lg-2\">\r\n<div class=\"text-center\"><i class=\"fa fa-2x fa-building-o\"><\/i><\/div>\r\n<\/div>\r\n<div class=\"col-sm-10 col-xs-12 col-md-10 col-lg-10\">\r\n<div class=\"heading\"><a href=\"https:\/\/traducation.com\/fr\/atelier-de-perfectionnement-en-francais\/?trp-edit-translation=preview\" target=\"_self\" data-trp-original-href=\"https:\/\/traducation.com\/en\/atelier-de-perfectionnement-en-francais\/\">Atelier de perfectionnement en fran\u00e7ais<\/a><\/div>\r\n<\/div>\r\n<\/div>\r\n<\/div>\r\n<\/div>\r\n<\/div>\r\n<\/div>\r\n<\/div>\r\n<div class=\"boldgrid-section\">\r\n<div class=\"container\">\r\n<div class=\"row\">\r\n<div class=\"col-sm-6 col-xs-12 col-md-6 col-lg-6\">\r\n<div>\r\n<div class=\"row\">\r\n<div class=\"col-sm-2 col-xs-12 col-md-2 col-lg-2\">\r\n<div class=\"text-center\"><i class=\"fa fa-2x fa-cogs\"><\/i><\/div>\r\n<\/div>\r\n<div class=\"col-sm-10 col-xs-12 col-md-10 col-lg-10\">\r\n<div class=\"heading\"><a href=\"https:\/\/traducation.com\/fr\/translation-workshop\/?trp-edit-translation=preview\" target=\"_self\" data-trp-original-href=\"https:\/\/traducation.com\/en\/translation-workshop\/\">Atelier de traduction<\/a><\/div>\r\n<\/div>\r\n<\/div>\r\n<\/div>\r\n<\/div>\r\n<div class=\"col-sm-6 col-xs-12 col-md-6 col-lg-6\">\r\n<div>\r\n<div class=\"row\">\r\n<div class=\"col-sm-2 col-xs-12 col-md-2 col-lg-2\">\r\n<div class=\"text-center\"><i class=\"fa fa-2x fa-newspaper-o\"><\/i><\/div>\r\n<\/div>\r\n<div class=\"col-sm-10 col-xs-12 col-md-10 col-lg-10\">\r\n<div class=\"heading\"><a href=\"https:\/\/traducation.com\/fr\/advanced-translation-workshop\/?trp-edit-translation=preview\" target=\"_self\" data-trp-original-href=\"https:\/\/traducation.com\/en\/advanced-translation-workshop\/\">Atelier de traduction avanc\u00e9e<\/a><\/div>\r\n<\/div>\r\n<\/div>\r\n<\/div>\r\n<\/div>\r\n<\/div>\r\n<\/div>\r\n<\/div>\r\n<\/div>\r\n<\/div>\r\n<\/div>\r\n<\/div>\r\n<\/div>\r\n<\/div>\r\n<\/div>\r\n<\/div>\r\n<\/div>\r\n<\/div>\r\n<\/div>\r\n<\/div>\r\n<div class=\"boldgrid-section\">\r\n<div class=\"container\">\r\n<div class=\"row\">\r\n<div class=\"col-lg-12 col-md-12 col-xs-12 col-sm-12\">\r\n<div class=\"boldgrid-section\">\r\n<div class=\"container\">\r\n<div class=\"row\">\r\n<div class=\"col-sm-6 col-xs-12 col-md-6 col-lg-6\">\r\n<div>\r\n<div class=\"row\">\r\n<div class=\"col-sm-10 col-xs-12 col-md-10 col-lg-10\"><\/div>\r\n<\/div>\r\n<\/div>\r\n<\/div>\r\n<\/div>\r\n<\/div>\r\n<\/div>\r\n<\/div>\r\n<\/div>\r\n<\/div>\r\n<\/div>\r\n<\/div>\r\n<\/div>\r\n<\/div>\r\n<\/div>\r\n\r\n\r\n\r\n\r\n\r\n<div class=\"boldgrid-section\">\r\n<div class=\"container\">\r\n<div class=\"row\">\r\n<div class=\"col-lg-12 col-md-12 col-xs-12 col-sm-12\">\r\n<p class=\"\">&nbsp;<\/p>\r\n<\/div>\r\n<\/div>\r\n<\/div>\r\n<\/div>","protected":false},"excerpt":{"rendered":"<p>This workshop covers more advanced translation topics, with a focus on practical exercises. Prerequisite: The workshop is designed for those who have already attended the Translation Workshop. &nbsp; Workshop Outline: DAY 1 Unit 1: Review of the Translation Workshop for Office Personnel Unit 2: Faux amis Unit 3: Anglicismes Unit 4: Idiomatic Expressions: How to [&hellip;]<\/p>","protected":false},"author":1,"featured_media":0,"parent":0,"menu_order":0,"comment_status":"closed","ping_status":"closed","template":"","meta":{"bgseo_title":"","bgseo_description":"","bgseo_robots_index":"index","bgseo_robots_follow":"follow","footnotes":""},"class_list":["post-884","page","type-page","status-publish"],"_links":{"self":[{"href":"https:\/\/traducation.com\/fr\/wp-json\/wp\/v2\/pages\/884","targetHints":{"allow":["GET"]}}],"collection":[{"href":"https:\/\/traducation.com\/fr\/wp-json\/wp\/v2\/pages"}],"about":[{"href":"https:\/\/traducation.com\/fr\/wp-json\/wp\/v2\/types\/page"}],"author":[{"embeddable":true,"href":"https:\/\/traducation.com\/fr\/wp-json\/wp\/v2\/users\/1"}],"replies":[{"embeddable":true,"href":"https:\/\/traducation.com\/fr\/wp-json\/wp\/v2\/comments?post=884"}],"version-history":[{"count":32,"href":"https:\/\/traducation.com\/fr\/wp-json\/wp\/v2\/pages\/884\/revisions"}],"predecessor-version":[{"id":1391,"href":"https:\/\/traducation.com\/fr\/wp-json\/wp\/v2\/pages\/884\/revisions\/1391"}],"wp:attachment":[{"href":"https:\/\/traducation.com\/fr\/wp-json\/wp\/v2\/media?parent=884"}],"curies":[{"name":"wp","href":"https:\/\/api.w.org\/{rel}","templated":true}]}}